{"id":210,"date":"2019-10-02T16:16:41","date_gmt":"2019-10-02T16:16:41","guid":{"rendered":"http:\/\/backupbrasil.com.br\/?page_id=210"},"modified":"2026-02-19T13:14:16","modified_gmt":"2026-02-19T13:14:16","slug":"cdn","status":"publish","type":"page","link":"https:\/\/backupbrasil.com.br\/index.php\/cdn\/","title":{"rendered":"CDN"},"content":{"rendered":"\t\t<div data-elementor-type=\"wp-page\" data-elementor-id=\"210\" class=\"elementor elementor-210\" data-elementor-post-type=\"page\">\n\t\t\t\t<div class=\"elementor-element elementor-element-0bb1ce5 e-con-full e-flex e-con e-parent\" data-id=\"0bb1ce5\" data-element_type=\"container\" data-e-type=\"container\" data-settings=\"{&quot;background_background&quot;:&quot;classic&quot;,&quot;shape_divider_bottom&quot;:&quot;mountains&quot;}\">\n\t\t\t\t<div class=\"elementor-shape elementor-shape-bottom\" aria-hidden=\"true\" data-negative=\"false\">\n\t\t\t<svg xmlns=\"http:\/\/www.w3.org\/2000\/svg\" viewBox=\"0 0 1000 100\" preserveAspectRatio=\"none\">\n\t<path class=\"elementor-shape-fill\" opacity=\"0.33\" d=\"M473,67.3c-203.9,88.3-263.1-34-320.3,0C66,119.1,0,59.7,0,59.7V0h1000v59.7 c0,0-62.1,26.1-94.9,29.3c-32.8,3.3-62.8-12.3-75.8-22.1C806,49.6,745.3,8.7,694.9,4.7S492.4,59,473,67.3z\"\/>\n\t<path class=\"elementor-shape-fill\" opacity=\"0.66\" d=\"M734,67.3c-45.5,0-77.2-23.2-129.1-39.1c-28.6-8.7-150.3-10.1-254,39.1 s-91.7-34.4-149.2,0C115.7,118.3,0,39.8,0,39.8V0h1000v36.5c0,0-28.2-18.5-92.1-18.5C810.2,18.1,775.7,67.3,734,67.3z\"\/>\n\t<path class=\"elementor-shape-fill\" d=\"M766.1,28.9c-200-57.5-266,65.5-395.1,19.5C242,1.8,242,5.4,184.8,20.6C128,35.8,132.3,44.9,89.9,52.5C28.6,63.7,0,0,0,0 h1000c0,0-9.9,40.9-83.6,48.1S829.6,47,766.1,28.9z\"\/>\n<\/svg>\t\t<\/div>\n\t\t\t\t<div class=\"elementor-element elementor-element-9232d82 elementor-invisible elementor-widget elementor-widget-heading\" data-id=\"9232d82\" data-element_type=\"widget\" data-e-type=\"widget\" data-settings=\"{&quot;_animation&quot;:&quot;fadeIn&quot;}\" data-widget_type=\"heading.default\">\n\t\t\t\t\t<h2 class=\"elementor-heading-title elementor-size-default\">CND \u2014 Gest\u00e3o Inteligente de Certid\u00f5es Negativas de D\u00e9bito<\/h2>\t\t\t\t<\/div>\n\t\t\t\t<div class=\"elementor-element elementor-element-69b44f7 elementor-widget__width-initial elementor-invisible elementor-widget elementor-widget-text-editor\" data-id=\"69b44f7\" data-element_type=\"widget\" data-e-type=\"widget\" data-settings=\"{&quot;_animation&quot;:&quot;fadeIn&quot;}\" data-widget_type=\"text-editor.default\">\n\t\t\t\t\t\t\t\t\t<p>Conhecendo de perto as rotinas e desafios enfrentados por escrit\u00f3rios cont\u00e1beis e seus clientes, desenvolvemos uma ferramenta exclusiva para facilitar a emiss\u00e3o e o acompanhamento de Certid\u00f5es Negativas de D\u00e9bito (CND) em \u00f3rg\u00e3os fiscalizadores de todo o Brasil.<\/p><p>Diferente das solu\u00e7\u00f5es tradicionais do mercado, o sistema foi pensado com foco na experi\u00eancia do usu\u00e1rio, orientando de forma simples e pr\u00e1tica como obter as certid\u00f5es mais exigidas, reduzindo retrabalho e trazendo mais agilidade ao dia a dia.<\/p><p>Al\u00e9m disso, permite que o contador personalize e sugira links de acesso \u00e0s CNDs espec\u00edficas de cada estado e munic\u00edpio em que seus clientes atuam, centralizando tudo em um \u00fanico ambiente e simplificando processos que normalmente s\u00e3o burocr\u00e1ticos.<\/p>\t\t\t\t\t\t\t\t<\/div>\n\t\t\t\t<\/div>\n\t\t<div class=\"elementor-element elementor-element-b508d2b e-flex e-con-boxed e-con e-parent\" data-id=\"b508d2b\" data-element_type=\"container\" data-e-type=\"container\">\n\t\t\t\t\t<div class=\"e-con-inner\">\n\t\t<div class=\"elementor-element elementor-element-928e43d e-con-full e-flex e-con e-child\" data-id=\"928e43d\" data-element_type=\"container\" data-e-type=\"container\">\n\t\t\t\t<div class=\"elementor-element elementor-element-71dd169 elementor-widget elementor-widget-text-editor\" data-id=\"71dd169\" data-element_type=\"widget\" data-e-type=\"widget\" data-widget_type=\"text-editor.default\">\n\t\t\t\t\t\t\t\t\t<h2 data-start=\"951\" data-end=\"982\"><strong data-start=\"951\" data-end=\"982\">Principais funcionalidades:<\/strong><\/h2><ul data-start=\"984\" data-end=\"1533\"><li data-start=\"984\" data-end=\"1065\"><p data-start=\"986\" data-end=\"1065\">Verifica\u00e7\u00e3o autom\u00e1tica de todas as certid\u00f5es dentro de per\u00edodos pr\u00e9-definidos<\/p><\/li><li data-start=\"1066\" data-end=\"1125\"><p data-start=\"1068\" data-end=\"1125\">Personaliza\u00e7\u00e3o das certid\u00f5es exigidas para cada empresa<\/p><\/li><li data-start=\"1126\" data-end=\"1179\"><p data-start=\"1128\" data-end=\"1179\">Armazenamento seguro das certid\u00f5es por at\u00e9 5 anos<\/p><\/li><li data-start=\"1180\" data-end=\"1246\"><p data-start=\"1182\" data-end=\"1246\">Centraliza\u00e7\u00e3o de todos os sites de emiss\u00e3o em um \u00fanico sistema<\/p><\/li><li data-start=\"1247\" data-end=\"1321\"><p data-start=\"1249\" data-end=\"1321\">Consulta online dispon\u00edvel em qualquer computador ou dispositivo m\u00f3vel<\/p><\/li><li data-start=\"1322\" data-end=\"1401\"><p data-start=\"1324\" data-end=\"1401\">Alertas peri\u00f3dicos sobre vencimentos, pend\u00eancias ou atualiza\u00e7\u00f5es relevantes<\/p><\/li><li data-start=\"1402\" data-end=\"1448\"><p data-start=\"1404\" data-end=\"1448\">Integra\u00e7\u00e3o completa com o sistema cont\u00e1bil<\/p><\/li><li data-start=\"1449\" data-end=\"1533\"><p data-start=\"1451\" data-end=\"1533\">Acesso facilitado aos portais, sem necessidade de intera\u00e7\u00f5es manuais repetitivas<\/p><\/li><\/ul>\t\t\t\t\t\t\t\t<\/div>\n\t\t\t\t<\/div>\n\t\t<div class=\"elementor-element elementor-element-c22617b e-con-full e-flex e-con e-child\" data-id=\"c22617b\" data-element_type=\"container\" data-e-type=\"container\">\n\t\t\t\t<div class=\"elementor-element elementor-element-11ba03d elementor-widget elementor-widget-text-editor\" data-id=\"11ba03d\" data-element_type=\"widget\" data-e-type=\"widget\" data-widget_type=\"text-editor.default\">\n\t\t\t\t\t\t\t\t\t<p data-start=\"951\" data-end=\"982\">Com o CND, seu escrit\u00f3rio ganha mais controle, organiza\u00e7\u00e3o e efici\u00eancia, garantindo rapidez no atendimento e maior seguran\u00e7a na gest\u00e3o das obriga\u00e7\u00f5es dos clientes.<\/p>\n<p data-start=\"951\" data-end=\"982\"><\/p>\n<p data-start=\"951\" data-end=\"982\"><img fetchpriority=\"high\" decoding=\"async\" class=\"alignnone size-medium wp-image-216\" src=\"https:\/\/backupbrasil.com.br\/wp-content\/uploads\/2019\/10\/imagem-software-CND-backup-braslil-1-300x300.png\" alt=\"CDN\" width=\"480\" height=\"480\" srcset=\"https:\/\/backupbrasil.com.br\/wp-content\/uploads\/2019\/10\/imagem-software-CND-backup-braslil-1-300x300.png 300w, https:\/\/backupbrasil.com.br\/wp-content\/uploads\/2019\/10\/imagem-software-CND-backup-braslil-1-150x150.png 150w, https:\/\/backupbrasil.com.br\/wp-content\/uploads\/2019\/10\/imagem-software-CND-backup-braslil-1.png 480w\" sizes=\"(max-width: 480px) 100vw, 480px\" \/><\/p>\t\t\t\t\t\t\t\t<\/div>\n\t\t\t\t<\/div>\n\t\t\t\t\t<\/div>\n\t\t\t\t<\/div>\n\t\t\t\t<\/div>\n\t\t","protected":false},"excerpt":{"rendered":"<p>CND \u2014 Gest\u00e3o Inteligente de Certid\u00f5es Negativas de D\u00e9bito Conhecendo de perto as rotinas e desafios enfrentados por escrit\u00f3rios cont\u00e1beis e seus clientes, desenvolvemos uma ferramenta exclusiva para facilitar a emiss\u00e3o e o acompanhamento de Certid\u00f5es Negativas de D\u00e9bito (CND) em \u00f3rg\u00e3os fiscalizadores de todo o Brasil. Diferente das solu\u00e7\u00f5es tradicionais do mercado, o sistema [&hellip;]<\/p>\n","protected":false},"author":1,"featured_media":0,"parent":0,"menu_order":0,"comment_status":"closed","ping_status":"closed","template":"","meta":{"_joinchat":[],"footnotes":""},"class_list":["post-210","page","type-page","status-publish","hentry"],"_links":{"self":[{"href":"https:\/\/backupbrasil.com.br\/index.php\/wp-json\/wp\/v2\/pages\/210","targetHints":{"allow":["GET"]}}],"collection":[{"href":"https:\/\/backupbrasil.com.br\/index.php\/wp-json\/wp\/v2\/pages"}],"about":[{"href":"https:\/\/backupbrasil.com.br\/index.php\/wp-json\/wp\/v2\/types\/page"}],"author":[{"embeddable":true,"href":"https:\/\/backupbrasil.com.br\/index.php\/wp-json\/wp\/v2\/users\/1"}],"replies":[{"embeddable":true,"href":"https:\/\/backupbrasil.com.br\/index.php\/wp-json\/wp\/v2\/comments?post=210"}],"version-history":[{"count":35,"href":"https:\/\/backupbrasil.com.br\/index.php\/wp-json\/wp\/v2\/pages\/210\/revisions"}],"predecessor-version":[{"id":4008,"href":"https:\/\/backupbrasil.com.br\/index.php\/wp-json\/wp\/v2\/pages\/210\/revisions\/4008"}],"wp:attachment":[{"href":"https:\/\/backupbrasil.com.br\/index.php\/wp-json\/wp\/v2\/media?parent=210"}],"curies":[{"name":"wp","href":"https:\/\/api.w.org\/{rel}","templated":true}]}}