{"id":240,"date":"2019-10-02T17:00:00","date_gmt":"2019-10-02T17:00:00","guid":{"rendered":"http:\/\/backupbrasil.com.br\/?page_id=240"},"modified":"2026-02-19T13:22:24","modified_gmt":"2026-02-19T13:22:24","slug":"contabilidade","status":"publish","type":"page","link":"https:\/\/backupbrasil.com.br\/index.php\/contabilidade\/","title":{"rendered":"Contabilidade"},"content":{"rendered":"\t\t<div data-elementor-type=\"wp-page\" data-elementor-id=\"240\" class=\"elementor elementor-240\" data-elementor-post-type=\"page\">\n\t\t\t\t<div class=\"elementor-element elementor-element-795d068 e-con-full e-flex e-con e-parent\" data-id=\"795d068\" data-element_type=\"container\" data-e-type=\"container\" data-settings=\"{&quot;background_background&quot;:&quot;classic&quot;,&quot;shape_divider_bottom&quot;:&quot;mountains&quot;}\">\n\t\t\t\t<div class=\"elementor-shape elementor-shape-bottom\" aria-hidden=\"true\" data-negative=\"false\">\n\t\t\t<svg xmlns=\"http:\/\/www.w3.org\/2000\/svg\" viewBox=\"0 0 1000 100\" preserveAspectRatio=\"none\">\n\t<path class=\"elementor-shape-fill\" opacity=\"0.33\" d=\"M473,67.3c-203.9,88.3-263.1-34-320.3,0C66,119.1,0,59.7,0,59.7V0h1000v59.7 c0,0-62.1,26.1-94.9,29.3c-32.8,3.3-62.8-12.3-75.8-22.1C806,49.6,745.3,8.7,694.9,4.7S492.4,59,473,67.3z\"\/>\n\t<path class=\"elementor-shape-fill\" opacity=\"0.66\" d=\"M734,67.3c-45.5,0-77.2-23.2-129.1-39.1c-28.6-8.7-150.3-10.1-254,39.1 s-91.7-34.4-149.2,0C115.7,118.3,0,39.8,0,39.8V0h1000v36.5c0,0-28.2-18.5-92.1-18.5C810.2,18.1,775.7,67.3,734,67.3z\"\/>\n\t<path class=\"elementor-shape-fill\" d=\"M766.1,28.9c-200-57.5-266,65.5-395.1,19.5C242,1.8,242,5.4,184.8,20.6C128,35.8,132.3,44.9,89.9,52.5C28.6,63.7,0,0,0,0 h1000c0,0-9.9,40.9-83.6,48.1S829.6,47,766.1,28.9z\"\/>\n<\/svg>\t\t<\/div>\n\t\t\t\t<div class=\"elementor-element elementor-element-2d12339 elementor-widget__width-initial elementor-invisible elementor-widget elementor-widget-heading\" data-id=\"2d12339\" data-element_type=\"widget\" data-e-type=\"widget\" data-settings=\"{&quot;_animation&quot;:&quot;fadeIn&quot;}\" data-widget_type=\"heading.default\">\n\t\t\t\t\t<h2 class=\"elementor-heading-title elementor-size-default\">Contabilidade \u2014 Sistema IntSys  <br> Representado pela BackupBrasil<\/h2>\t\t\t\t<\/div>\n\t\t\t\t<div class=\"elementor-element elementor-element-78ede3a elementor-widget__width-initial elementor-invisible elementor-widget elementor-widget-text-editor\" data-id=\"78ede3a\" data-element_type=\"widget\" data-e-type=\"widget\" data-settings=\"{&quot;_animation&quot;:&quot;fadeIn&quot;}\" data-widget_type=\"text-editor.default\">\n\t\t\t\t\t\t\t\t\t<p>O IntSys \u00e9 um software de contabilidade completo e robusto, desenvolvido para atender com efici\u00eancia as rotinas cont\u00e1beis de escrit\u00f3rios e empresas de diferentes segmentos. Com alta flexibilidade, automa\u00e7\u00e3o de processos e total integra\u00e7\u00e3o entre m\u00f3dulos, a solu\u00e7\u00e3o permite maior controle, produtividade e seguran\u00e7a na gest\u00e3o cont\u00e1bil, garantindo conformidade com as exig\u00eancias legais e agilidade na gera\u00e7\u00e3o de informa\u00e7\u00f5es estrat\u00e9gicas.<\/p>\t\t\t\t\t\t\t\t<\/div>\n\t\t\t\t<\/div>\n\t\t<div class=\"elementor-element elementor-element-51a0fc7 e-flex e-con-boxed e-con e-parent\" data-id=\"51a0fc7\" data-element_type=\"container\" data-e-type=\"container\">\n\t\t\t\t\t<div class=\"e-con-inner\">\n\t\t<div class=\"elementor-element elementor-element-26bc9a9 e-con-full e-flex e-con e-child\" data-id=\"26bc9a9\" data-element_type=\"container\" data-e-type=\"container\">\n\t\t\t\t<div class=\"elementor-element elementor-element-a189c13 elementor-widget elementor-widget-text-editor\" data-id=\"a189c13\" data-element_type=\"widget\" data-e-type=\"widget\" data-widget_type=\"text-editor.default\">\n\t\t\t\t\t\t\t\t\t<h2 data-start=\"534\" data-end=\"576\"><strong data-start=\"534\" data-end=\"576\">Principais recursos e funcionalidades:<\/strong><\/h2><ul data-start=\"578\" data-end=\"1680\"><li data-start=\"578\" data-end=\"631\"><p data-start=\"580\" data-end=\"631\">Plano de Contas padr\u00e3o ou totalmente configur\u00e1vel<\/p><\/li><li data-start=\"632\" data-end=\"669\"><p data-start=\"634\" data-end=\"669\">Plano de Contas espec\u00edfico da ANS<\/p><\/li><li data-start=\"670\" data-end=\"718\"><p data-start=\"672\" data-end=\"718\">Plano de Contas para entidades filantr\u00f3picas<\/p><\/li><li data-start=\"719\" data-end=\"761\"><p data-start=\"721\" data-end=\"761\">Mudan\u00e7a e convers\u00e3o de plano de contas<\/p><\/li><li data-start=\"762\" data-end=\"800\"><p data-start=\"764\" data-end=\"800\">Hist\u00f3rico padr\u00e3o ou personaliz\u00e1vel<\/p><\/li><li data-start=\"801\" data-end=\"848\"><p data-start=\"803\" data-end=\"848\">Lan\u00e7amentos em partidas simples ou dobradas<\/p><\/li><li data-start=\"849\" data-end=\"874\"><p data-start=\"851\" data-end=\"874\">Lan\u00e7amentos multi-m\u00eas<\/p><\/li><li data-start=\"875\" data-end=\"909\"><p data-start=\"877\" data-end=\"909\">Implanta\u00e7\u00e3o de saldos iniciais<\/p><\/li><li data-start=\"910\" data-end=\"957\"><p data-start=\"912\" data-end=\"957\">Importa\u00e7\u00e3o de plano de contas e lan\u00e7amentos<\/p><\/li><li data-start=\"958\" data-end=\"987\"><p data-start=\"960\" data-end=\"987\">Reclassifica\u00e7\u00e3o de contas<\/p><\/li><li data-start=\"988\" data-end=\"1025\"><p data-start=\"990\" data-end=\"1025\">Termos de abertura e encerramento<\/p><\/li><li data-start=\"1026\" data-end=\"1062\"><p data-start=\"1028\" data-end=\"1062\">Controle completo do livro caixa<\/p><\/li><li data-start=\"1063\" data-end=\"1112\"><p data-start=\"1065\" data-end=\"1112\">Apura\u00e7\u00e3o autom\u00e1tica do resultado do exerc\u00edcio<\/p><\/li><li data-start=\"1113\" data-end=\"1138\"><p data-start=\"1115\" data-end=\"1138\">Planilhas programadas<\/p><\/li><li data-start=\"1139\" data-end=\"1162\"><p data-start=\"1141\" data-end=\"1162\">Editor de contratos<\/p><\/li><li data-start=\"1163\" data-end=\"1216\"><p data-start=\"1165\" data-end=\"1216\">Cria\u00e7\u00e3o e personaliza\u00e7\u00e3o de relat\u00f3rios gerenciais<\/p><\/li><li data-start=\"1217\" data-end=\"1242\"><p data-start=\"1219\" data-end=\"1242\">Concilia\u00e7\u00e3o de contas<\/p><\/li><li data-start=\"1243\" data-end=\"1275\"><p data-start=\"1245\" data-end=\"1275\">Controle do ativo permanente<\/p><\/li><li data-start=\"1276\" data-end=\"1332\"><p data-start=\"1278\" data-end=\"1332\">Livros cont\u00e1beis: Balan\u00e7o, Balancete, Raz\u00e3o e Di\u00e1rio<\/p><\/li><li data-start=\"1333\" data-end=\"1386\"><p data-start=\"1335\" data-end=\"1386\">Demonstra\u00e7\u00f5es: DRE, DFC, DOAR, LALUR, DLPA e DMPL<\/p><\/li><li data-start=\"1387\" data-end=\"1419\"><p data-start=\"1389\" data-end=\"1419\">An\u00e1lises cont\u00e1beis avan\u00e7adas<\/p><\/li><li data-start=\"1420\" data-end=\"1482\"><p data-start=\"1422\" data-end=\"1482\">Exporta\u00e7\u00f5es: SPED Cont\u00e1bil, SPED ECF, FCONT, MANAD e SINCO<\/p><\/li><li data-start=\"1483\" data-end=\"1529\"><p data-start=\"1485\" data-end=\"1529\">Importa\u00e7\u00e3o de SPED Cont\u00e1bil e arquivos OFX<\/p><\/li><li data-start=\"1530\" data-end=\"1577\"><p data-start=\"1532\" data-end=\"1577\">Configura\u00e7\u00e3o do plano de contas referencial<\/p><\/li><li data-start=\"1578\" data-end=\"1630\"><p data-start=\"1580\" data-end=\"1630\">Integra\u00e7\u00e3o total com todos os m\u00f3dulos do sistema<\/p><\/li><li data-start=\"1631\" data-end=\"1680\"><p data-start=\"1633\" data-end=\"1680\">Integra\u00e7\u00e3o da contabilidade com o livro caixa<\/p><\/li><\/ul>\t\t\t\t\t\t\t\t<\/div>\n\t\t\t\t<\/div>\n\t\t<div class=\"elementor-element elementor-element-483c431 e-con-full e-flex e-con e-child\" data-id=\"483c431\" data-element_type=\"container\" data-e-type=\"container\">\n\t\t\t\t<div class=\"elementor-element elementor-element-ed107df elementor-widget elementor-widget-text-editor\" data-id=\"ed107df\" data-element_type=\"widget\" data-e-type=\"widget\" data-widget_type=\"text-editor.default\">\n\t\t\t\t\t\t\t\t\t<h2 data-start=\"534\" data-end=\"576\"><\/h2>\n<p data-start=\"580\" data-end=\"631\">Com o IntSys, seu escrit\u00f3rio ganha mais automa\u00e7\u00e3o, padroniza\u00e7\u00e3o e confiabilidade nas informa\u00e7\u00f5es, reduzindo retrabalho e elevando a qualidade dos servi\u00e7os prestados aos clientes.<\/p>\n<p data-start=\"580\" data-end=\"631\"><img fetchpriority=\"high\" decoding=\"async\" class=\"alignnone  wp-image-242\" src=\"https:\/\/backupbrasil.com.br\/wp-content\/uploads\/2019\/10\/Contabilidade-1-300x300.png\" alt=\"Contabilidade\" width=\"480\" height=\"480\" srcset=\"https:\/\/backupbrasil.com.br\/wp-content\/uploads\/2019\/10\/Contabilidade-1-300x300.png 300w, https:\/\/backupbrasil.com.br\/wp-content\/uploads\/2019\/10\/Contabilidade-1-150x150.png 150w, https:\/\/backupbrasil.com.br\/wp-content\/uploads\/2019\/10\/Contabilidade-1.png 480w\" sizes=\"(max-width: 480px) 100vw, 480px\" \/><\/p>\t\t\t\t\t\t\t\t<\/div>\n\t\t\t\t<\/div>\n\t\t\t\t\t<\/div>\n\t\t\t\t<\/div>\n\t\t\t\t<\/div>\n\t\t","protected":false},"excerpt":{"rendered":"<p>Contabilidade \u2014 Sistema IntSys Representado pela BackupBrasil O IntSys \u00e9 um software de contabilidade completo e robusto, desenvolvido para atender com efici\u00eancia as rotinas cont\u00e1beis de escrit\u00f3rios e empresas de diferentes segmentos. Com alta flexibilidade, automa\u00e7\u00e3o de processos e total integra\u00e7\u00e3o entre m\u00f3dulos, a solu\u00e7\u00e3o permite maior controle, produtividade e seguran\u00e7a na gest\u00e3o cont\u00e1bil, garantindo [&hellip;]<\/p>\n","protected":false},"author":1,"featured_media":0,"parent":0,"menu_order":0,"comment_status":"closed","ping_status":"closed","template":"","meta":{"_joinchat":[],"footnotes":""},"class_list":["post-240","page","type-page","status-publish","hentry"],"_links":{"self":[{"href":"https:\/\/backupbrasil.com.br\/index.php\/wp-json\/wp\/v2\/pages\/240","targetHints":{"allow":["GET"]}}],"collection":[{"href":"https:\/\/backupbrasil.com.br\/index.php\/wp-json\/wp\/v2\/pages"}],"about":[{"href":"https:\/\/backupbrasil.com.br\/index.php\/wp-json\/wp\/v2\/types\/page"}],"author":[{"embeddable":true,"href":"https:\/\/backupbrasil.com.br\/index.php\/wp-json\/wp\/v2\/users\/1"}],"replies":[{"embeddable":true,"href":"https:\/\/backupbrasil.com.br\/index.php\/wp-json\/wp\/v2\/comments?post=240"}],"version-history":[{"count":17,"href":"https:\/\/backupbrasil.com.br\/index.php\/wp-json\/wp\/v2\/pages\/240\/revisions"}],"predecessor-version":[{"id":4018,"href":"https:\/\/backupbrasil.com.br\/index.php\/wp-json\/wp\/v2\/pages\/240\/revisions\/4018"}],"wp:attachment":[{"href":"https:\/\/backupbrasil.com.br\/index.php\/wp-json\/wp\/v2\/media?parent=240"}],"curies":[{"name":"wp","href":"https:\/\/api.w.org\/{rel}","templated":true}]}}