{"id":245,"date":"2019-10-02T17:05:43","date_gmt":"2019-10-02T17:05:43","guid":{"rendered":"http:\/\/backupbrasil.com.br\/?page_id=245"},"modified":"2026-02-19T13:47:42","modified_gmt":"2026-02-19T13:47:42","slug":"crm","status":"publish","type":"page","link":"https:\/\/backupbrasil.com.br\/index.php\/crm\/","title":{"rendered":"CRM"},"content":{"rendered":"\t\t<div data-elementor-type=\"wp-page\" data-elementor-id=\"245\" class=\"elementor elementor-245\" data-elementor-post-type=\"page\">\n\t\t\t\t<div class=\"elementor-element elementor-element-7798587 e-con-full e-flex e-con e-parent\" data-id=\"7798587\" data-element_type=\"container\" data-e-type=\"container\" data-settings=\"{&quot;background_background&quot;:&quot;classic&quot;,&quot;shape_divider_bottom&quot;:&quot;mountains&quot;}\">\n\t\t\t\t<div class=\"elementor-shape elementor-shape-bottom\" aria-hidden=\"true\" data-negative=\"false\">\n\t\t\t<svg xmlns=\"http:\/\/www.w3.org\/2000\/svg\" viewBox=\"0 0 1000 100\" preserveAspectRatio=\"none\">\n\t<path class=\"elementor-shape-fill\" opacity=\"0.33\" d=\"M473,67.3c-203.9,88.3-263.1-34-320.3,0C66,119.1,0,59.7,0,59.7V0h1000v59.7 c0,0-62.1,26.1-94.9,29.3c-32.8,3.3-62.8-12.3-75.8-22.1C806,49.6,745.3,8.7,694.9,4.7S492.4,59,473,67.3z\"\/>\n\t<path class=\"elementor-shape-fill\" opacity=\"0.66\" d=\"M734,67.3c-45.5,0-77.2-23.2-129.1-39.1c-28.6-8.7-150.3-10.1-254,39.1 s-91.7-34.4-149.2,0C115.7,118.3,0,39.8,0,39.8V0h1000v36.5c0,0-28.2-18.5-92.1-18.5C810.2,18.1,775.7,67.3,734,67.3z\"\/>\n\t<path class=\"elementor-shape-fill\" d=\"M766.1,28.9c-200-57.5-266,65.5-395.1,19.5C242,1.8,242,5.4,184.8,20.6C128,35.8,132.3,44.9,89.9,52.5C28.6,63.7,0,0,0,0 h1000c0,0-9.9,40.9-83.6,48.1S829.6,47,766.1,28.9z\"\/>\n<\/svg>\t\t<\/div>\n\t\t\t\t<div class=\"elementor-element elementor-element-59a77d8 elementor-widget__width-initial elementor-invisible elementor-widget elementor-widget-heading\" data-id=\"59a77d8\" data-element_type=\"widget\" data-e-type=\"widget\" data-settings=\"{&quot;_animation&quot;:&quot;fadeIn&quot;}\" data-widget_type=\"heading.default\">\n\t\t\t\t\t<h2 class=\"elementor-heading-title elementor-size-default\">CRM completo para elevar o relacionamento <br>com seus clientes a outro n\u00edvel<\/h2>\t\t\t\t<\/div>\n\t\t\t\t<div class=\"elementor-element elementor-element-94815cd elementor-widget__width-initial elementor-invisible elementor-widget elementor-widget-text-editor\" data-id=\"94815cd\" data-element_type=\"widget\" data-e-type=\"widget\" data-settings=\"{&quot;_animation&quot;:&quot;fadeIn&quot;}\" data-widget_type=\"text-editor.default\">\n\t\t\t\t\t\t\t\t\t<p>Totalmente integrado \u00e0s solu\u00e7\u00f5es cont\u00e1beis, o CRM aumenta a efici\u00eancia operacional e proporciona uma vis\u00e3o estrat\u00e9gica do relacionamento com o cliente, garantindo mais organiza\u00e7\u00e3o, produtividade e qualidade no atendimento.<\/p>\t\t\t\t\t\t\t\t<\/div>\n\t\t\t\t<\/div>\n\t\t<div class=\"elementor-element elementor-element-4e32360 e-flex e-con-boxed e-con e-parent\" data-id=\"4e32360\" data-element_type=\"container\" data-e-type=\"container\">\n\t\t\t\t\t<div class=\"e-con-inner\">\n\t\t<div class=\"elementor-element elementor-element-3c16e7b e-con-full e-flex e-con e-child\" data-id=\"3c16e7b\" data-element_type=\"container\" data-e-type=\"container\">\n\t\t\t\t<div class=\"elementor-element elementor-element-560178d elementor-widget elementor-widget-text-editor\" data-id=\"560178d\" data-element_type=\"widget\" data-e-type=\"widget\" data-widget_type=\"text-editor.default\">\n\t\t\t\t\t\t\t\t\t<h2 data-start=\"726\" data-end=\"757\"><strong data-start=\"726\" data-end=\"757\">Principais funcionalidades:<\/strong><\/h2><ul><li>Cadastro de Clientes e Contatos.<\/li><li>Gerencia TreinamentosManuten\u00e7\u00e3o das Ocorr\u00eancias dos Clientes.<\/li><li>Controle de Agendamento das Ocorr\u00eancias e Relat\u00f3rios de Apoio.<\/li><li>Acompanhamento do Suporte Aos Clientes.<\/li><li>Download e armazenamento do XML da NFe.<\/li><li>Publica\u00e7\u00e3o de Documentos.<\/li><li>Alertas de Vencimentos.<\/li><li>Registro de Atendimentos Efetuados com Hist\u00f3ricos Detalhados.<\/li><li>Tudo Registrado via Emails e Protocolado nas Notifica\u00e7\u00f5es do Usu\u00e1rio.<\/li><li>Totalmente Integrado com as Solu\u00e7\u00f5es Cont\u00e1beis.<\/li><li>Aumento no Relacionamento com Cliente em Efici\u00eancia.<\/li><\/ul>\t\t\t\t\t\t\t\t<\/div>\n\t\t\t\t<\/div>\n\t\t<div class=\"elementor-element elementor-element-bd2f7fc e-con-full e-flex e-con e-child\" data-id=\"bd2f7fc\" data-element_type=\"container\" data-e-type=\"container\">\n\t\t\t\t<div class=\"elementor-element elementor-element-50fb3a5 elementor-widget elementor-widget-text-editor\" data-id=\"50fb3a5\" data-element_type=\"widget\" data-e-type=\"widget\" data-widget_type=\"text-editor.default\">\n\t\t\t\t\t\t\t\t\t<p data-start=\"98\" data-end=\"532\">Garanta respostas no prazo prometido, controle total das solicita\u00e7\u00f5es e visibilidade clara das tarefas em aberto com um CRM pensado para efici\u00eancia e excel\u00eancia no atendimento. Com ferramentas integradas como chat, cadastro completo de clientes e contatos, acompanhamento de suporte e gest\u00e3o de ocorr\u00eancias, sua equipe trabalha de forma organizada e proativa, fortalecendo o relacionamento com cada cliente.<\/p><p data-start=\"534\" data-end=\"924\">O sistema permite gerenciar treinamentos, controlar agendamentos e manter hist\u00f3ricos detalhados de atendimentos, al\u00e9m de emitir relat\u00f3rios de apoio que facilitam a tomada de decis\u00e3o. Tamb\u00e9m oferece download e armazenamento autom\u00e1tico de XML de NFe, publica\u00e7\u00e3o de documentos, alertas de vencimentos e registro completo das intera\u00e7\u00f5es via e-mail, tudo protocolado nas notifica\u00e7\u00f5es do usu\u00e1rio.<\/p><p data-start=\"534\" data-end=\"924\"><img decoding=\"async\" class=\"\" src=\"http:\/\/backupbrasil.com.br\/wp-content\/uploads\/2019\/10\/imagem-software-CRM-backup-braslil.png\" alt=\"\" \/><\/p>\t\t\t\t\t\t\t\t<\/div>\n\t\t\t\t<\/div>\n\t\t\t\t\t<\/div>\n\t\t\t\t<\/div>\n\t\t\t\t<\/div>\n\t\t","protected":false},"excerpt":{"rendered":"<p>CRM completo para elevar o relacionamento com seus clientes a outro n\u00edvel Totalmente integrado \u00e0s solu\u00e7\u00f5es cont\u00e1beis, o CRM aumenta a efici\u00eancia operacional e proporciona uma vis\u00e3o estrat\u00e9gica do relacionamento com o cliente, garantindo mais organiza\u00e7\u00e3o, produtividade e qualidade no atendimento. Principais funcionalidades: Cadastro de Clientes e Contatos. Gerencia TreinamentosManuten\u00e7\u00e3o das Ocorr\u00eancias dos Clientes. Controle [&hellip;]<\/p>\n","protected":false},"author":1,"featured_media":0,"parent":0,"menu_order":0,"comment_status":"closed","ping_status":"closed","template":"","meta":{"_joinchat":[],"footnotes":""},"class_list":["post-245","page","type-page","status-publish","hentry"],"_links":{"self":[{"href":"https:\/\/backupbrasil.com.br\/index.php\/wp-json\/wp\/v2\/pages\/245","targetHints":{"allow":["GET"]}}],"collection":[{"href":"https:\/\/backupbrasil.com.br\/index.php\/wp-json\/wp\/v2\/pages"}],"about":[{"href":"https:\/\/backupbrasil.com.br\/index.php\/wp-json\/wp\/v2\/types\/page"}],"author":[{"embeddable":true,"href":"https:\/\/backupbrasil.com.br\/index.php\/wp-json\/wp\/v2\/users\/1"}],"replies":[{"embeddable":true,"href":"https:\/\/backupbrasil.com.br\/index.php\/wp-json\/wp\/v2\/comments?post=245"}],"version-history":[{"count":11,"href":"https:\/\/backupbrasil.com.br\/index.php\/wp-json\/wp\/v2\/pages\/245\/revisions"}],"predecessor-version":[{"id":4040,"href":"https:\/\/backupbrasil.com.br\/index.php\/wp-json\/wp\/v2\/pages\/245\/revisions\/4040"}],"wp:attachment":[{"href":"https:\/\/backupbrasil.com.br\/index.php\/wp-json\/wp\/v2\/media?parent=245"}],"curies":[{"name":"wp","href":"https:\/\/api.w.org\/{rel}","templated":true}]}}