{"id":250,"date":"2019-10-02T17:11:24","date_gmt":"2019-10-02T17:11:24","guid":{"rendered":"http:\/\/backupbrasil.com.br\/?page_id=250"},"modified":"2026-02-19T13:50:20","modified_gmt":"2026-02-19T13:50:20","slug":"estoque","status":"publish","type":"page","link":"https:\/\/backupbrasil.com.br\/index.php\/estoque\/","title":{"rendered":"Estoque"},"content":{"rendered":"\t\t<div data-elementor-type=\"wp-page\" data-elementor-id=\"250\" class=\"elementor elementor-250\" data-elementor-post-type=\"page\">\n\t\t\t\t<div class=\"elementor-element elementor-element-87e804a e-con-full e-flex e-con e-parent\" data-id=\"87e804a\" data-element_type=\"container\" data-e-type=\"container\" data-settings=\"{&quot;background_background&quot;:&quot;classic&quot;,&quot;shape_divider_bottom&quot;:&quot;mountains&quot;}\">\n\t\t\t\t<div class=\"elementor-shape elementor-shape-bottom\" aria-hidden=\"true\" data-negative=\"false\">\n\t\t\t<svg xmlns=\"http:\/\/www.w3.org\/2000\/svg\" viewBox=\"0 0 1000 100\" preserveAspectRatio=\"none\">\n\t<path class=\"elementor-shape-fill\" opacity=\"0.33\" d=\"M473,67.3c-203.9,88.3-263.1-34-320.3,0C66,119.1,0,59.7,0,59.7V0h1000v59.7 c0,0-62.1,26.1-94.9,29.3c-32.8,3.3-62.8-12.3-75.8-22.1C806,49.6,745.3,8.7,694.9,4.7S492.4,59,473,67.3z\"\/>\n\t<path class=\"elementor-shape-fill\" opacity=\"0.66\" d=\"M734,67.3c-45.5,0-77.2-23.2-129.1-39.1c-28.6-8.7-150.3-10.1-254,39.1 s-91.7-34.4-149.2,0C115.7,118.3,0,39.8,0,39.8V0h1000v36.5c0,0-28.2-18.5-92.1-18.5C810.2,18.1,775.7,67.3,734,67.3z\"\/>\n\t<path class=\"elementor-shape-fill\" d=\"M766.1,28.9c-200-57.5-266,65.5-395.1,19.5C242,1.8,242,5.4,184.8,20.6C128,35.8,132.3,44.9,89.9,52.5C28.6,63.7,0,0,0,0 h1000c0,0-9.9,40.9-83.6,48.1S829.6,47,766.1,28.9z\"\/>\n<\/svg>\t\t<\/div>\n\t\t\t\t<div class=\"elementor-element elementor-element-4a10b7e elementor-widget__width-initial elementor-invisible elementor-widget elementor-widget-heading\" data-id=\"4a10b7e\" data-element_type=\"widget\" data-e-type=\"widget\" data-settings=\"{&quot;_animation&quot;:&quot;fadeIn&quot;}\" data-widget_type=\"heading.default\">\n\t\t\t\t\t<h2 class=\"elementor-heading-title elementor-size-default\">Gest\u00e3o de estoque inteligente <br> com controle total e precis\u00e3o<\/h2>\t\t\t\t<\/div>\n\t\t\t\t<div class=\"elementor-element elementor-element-2a19b95 elementor-widget__width-initial elementor-invisible elementor-widget elementor-widget-text-editor\" data-id=\"2a19b95\" data-element_type=\"widget\" data-e-type=\"widget\" data-settings=\"{&quot;_animation&quot;:&quot;fadeIn&quot;}\" data-widget_type=\"text-editor.default\">\n\t\t\t\t\t\t\t\t\t<p>m m\u00f3dulo de estoque que automatiza entradas, controla custos e mant\u00e9m o invent\u00e1rio sempre correto, proporcionando mais organiza\u00e7\u00e3o, redu\u00e7\u00e3o de perdas e melhor tomada de decis\u00e3o.<\/p>\t\t\t\t\t\t\t\t<\/div>\n\t\t\t\t<\/div>\n\t\t<div class=\"elementor-element elementor-element-4a9c7e0 e-flex e-con-boxed e-con e-parent\" data-id=\"4a9c7e0\" data-element_type=\"container\" data-e-type=\"container\">\n\t\t\t\t\t<div class=\"e-con-inner\">\n\t\t<div class=\"elementor-element elementor-element-f8c30b9 e-con-full e-flex e-con e-child\" data-id=\"f8c30b9\" data-element_type=\"container\" data-e-type=\"container\">\n\t\t\t\t<div class=\"elementor-element elementor-element-f1049f7 elementor-widget elementor-widget-text-editor\" data-id=\"f1049f7\" data-element_type=\"widget\" data-e-type=\"widget\" data-widget_type=\"text-editor.default\">\n\t\t\t\t\t\t\t\t\t<div class=\"kc-elm kc-css-1971350 kc_text_block\"><h2>Estoque<\/h2><\/div><div class=\"kc-elm kc-css-1115757 kc_text_block\"><ul><li>Entrada de produtos via XML<\/li><li>Controle do estoque m\u00e1ximo e m\u00ednimo<\/li><li>Controle do custo m\u00e9dio e custo vari\u00e1vel<\/li><li>Apura\u00e7\u00e3o autom\u00e1tica do invent\u00e1rio<\/li><\/ul><\/div>\t\t\t\t\t\t\t\t<\/div>\n\t\t\t\t<\/div>\n\t\t<div class=\"elementor-element elementor-element-9592d90 e-con-full e-flex e-con e-child\" data-id=\"9592d90\" data-element_type=\"container\" data-e-type=\"container\">\n\t\t\t\t<div class=\"elementor-element elementor-element-9d07665 elementor-widget elementor-widget-text-editor\" data-id=\"9d07665\" data-element_type=\"widget\" data-e-type=\"widget\" data-widget_type=\"text-editor.default\">\n\t\t\t\t\t\t\t\t\t<p data-start=\"761\" data-end=\"808\">Tenha controle completo do seu estoque com processos automatizados e informa\u00e7\u00f5es sempre atualizadas. Realize a entrada de produtos diretamente via XML, monitore n\u00edveis m\u00e1ximos e m\u00ednimos para evitar faltas ou excessos, acompanhe com precis\u00e3o o custo m\u00e9dio e os custos vari\u00e1veis e conte com a apura\u00e7\u00e3o autom\u00e1tica do invent\u00e1rio para garantir confiabilidade e efici\u00eancia na gest\u00e3o.<\/p><p data-start=\"761\" data-end=\"808\">\u00a0<\/p><p data-start=\"761\" data-end=\"808\"><img decoding=\"async\" class=\"\" src=\"http:\/\/backupbrasil.com.br\/wp-content\/uploads\/2019\/10\/imagem-software-estoque-backup-braslil-1.png\" alt=\"\" \/><\/p>\t\t\t\t\t\t\t\t<\/div>\n\t\t\t\t<\/div>\n\t\t\t\t\t<\/div>\n\t\t\t\t<\/div>\n\t\t\t\t<\/div>\n\t\t","protected":false},"excerpt":{"rendered":"<p>Gest\u00e3o de estoque inteligente com controle total e precis\u00e3o m m\u00f3dulo de estoque que automatiza entradas, controla custos e mant\u00e9m o invent\u00e1rio sempre correto, proporcionando mais organiza\u00e7\u00e3o, redu\u00e7\u00e3o de perdas e melhor tomada de decis\u00e3o. Estoque Entrada de produtos via XML Controle do estoque m\u00e1ximo e m\u00ednimo Controle do custo m\u00e9dio e custo vari\u00e1vel Apura\u00e7\u00e3o [&hellip;]<\/p>\n","protected":false},"author":1,"featured_media":0,"parent":0,"menu_order":0,"comment_status":"closed","ping_status":"closed","template":"","meta":{"_joinchat":[],"footnotes":""},"class_list":["post-250","page","type-page","status-publish","hentry"],"_links":{"self":[{"href":"https:\/\/backupbrasil.com.br\/index.php\/wp-json\/wp\/v2\/pages\/250","targetHints":{"allow":["GET"]}}],"collection":[{"href":"https:\/\/backupbrasil.com.br\/index.php\/wp-json\/wp\/v2\/pages"}],"about":[{"href":"https:\/\/backupbrasil.com.br\/index.php\/wp-json\/wp\/v2\/types\/page"}],"author":[{"embeddable":true,"href":"https:\/\/backupbrasil.com.br\/index.php\/wp-json\/wp\/v2\/users\/1"}],"replies":[{"embeddable":true,"href":"https:\/\/backupbrasil.com.br\/index.php\/wp-json\/wp\/v2\/comments?post=250"}],"version-history":[{"count":8,"href":"https:\/\/backupbrasil.com.br\/index.php\/wp-json\/wp\/v2\/pages\/250\/revisions"}],"predecessor-version":[{"id":4043,"href":"https:\/\/backupbrasil.com.br\/index.php\/wp-json\/wp\/v2\/pages\/250\/revisions\/4043"}],"wp:attachment":[{"href":"https:\/\/backupbrasil.com.br\/index.php\/wp-json\/wp\/v2\/media?parent=250"}],"curies":[{"name":"wp","href":"https:\/\/api.w.org\/{rel}","templated":true}]}}