{"id":260,"date":"2019-10-02T17:23:53","date_gmt":"2019-10-02T17:23:53","guid":{"rendered":"http:\/\/backupbrasil.com.br\/?page_id=260"},"modified":"2026-02-19T13:24:24","modified_gmt":"2026-02-19T13:24:24","slug":"fiscal","status":"publish","type":"page","link":"https:\/\/backupbrasil.com.br\/index.php\/fiscal\/","title":{"rendered":"Fiscal"},"content":{"rendered":"\t\t<div data-elementor-type=\"wp-page\" data-elementor-id=\"260\" class=\"elementor elementor-260\" data-elementor-post-type=\"page\">\n\t\t\t\t<div class=\"elementor-element elementor-element-e453445 e-con-full e-flex e-con e-parent\" data-id=\"e453445\" data-element_type=\"container\" data-e-type=\"container\" data-settings=\"{&quot;background_background&quot;:&quot;classic&quot;,&quot;shape_divider_bottom&quot;:&quot;mountains&quot;}\">\n\t\t\t\t<div class=\"elementor-shape elementor-shape-bottom\" aria-hidden=\"true\" data-negative=\"false\">\n\t\t\t<svg xmlns=\"http:\/\/www.w3.org\/2000\/svg\" viewBox=\"0 0 1000 100\" preserveAspectRatio=\"none\">\n\t<path class=\"elementor-shape-fill\" opacity=\"0.33\" d=\"M473,67.3c-203.9,88.3-263.1-34-320.3,0C66,119.1,0,59.7,0,59.7V0h1000v59.7 c0,0-62.1,26.1-94.9,29.3c-32.8,3.3-62.8-12.3-75.8-22.1C806,49.6,745.3,8.7,694.9,4.7S492.4,59,473,67.3z\"\/>\n\t<path class=\"elementor-shape-fill\" opacity=\"0.66\" d=\"M734,67.3c-45.5,0-77.2-23.2-129.1-39.1c-28.6-8.7-150.3-10.1-254,39.1 s-91.7-34.4-149.2,0C115.7,118.3,0,39.8,0,39.8V0h1000v36.5c0,0-28.2-18.5-92.1-18.5C810.2,18.1,775.7,67.3,734,67.3z\"\/>\n\t<path class=\"elementor-shape-fill\" d=\"M766.1,28.9c-200-57.5-266,65.5-395.1,19.5C242,1.8,242,5.4,184.8,20.6C128,35.8,132.3,44.9,89.9,52.5C28.6,63.7,0,0,0,0 h1000c0,0-9.9,40.9-83.6,48.1S829.6,47,766.1,28.9z\"\/>\n<\/svg>\t\t<\/div>\n\t\t\t\t<div class=\"elementor-element elementor-element-693c679 elementor-widget__width-initial elementor-invisible elementor-widget elementor-widget-heading\" data-id=\"693c679\" data-element_type=\"widget\" data-e-type=\"widget\" data-settings=\"{&quot;_animation&quot;:&quot;fadeIn&quot;}\" data-widget_type=\"heading.default\">\n\t\t\t\t\t<h2 class=\"elementor-heading-title elementor-size-default\">Fiscal \u2014 Gest\u00e3o Completa e Atualizada <br>com a Legisla\u00e7\u00e3o Brasileira<\/h2>\t\t\t\t<\/div>\n\t\t\t\t<div class=\"elementor-element elementor-element-db78c4a elementor-widget__width-initial elementor-invisible elementor-widget elementor-widget-text-editor\" data-id=\"db78c4a\" data-element_type=\"widget\" data-e-type=\"widget\" data-settings=\"{&quot;_animation&quot;:&quot;fadeIn&quot;}\" data-widget_type=\"text-editor.default\">\n\t\t\t\t\t\t\t\t\t<p>Com recursos avan\u00e7ados como importa\u00e7\u00e3o de documentos eletr\u00f4nicos, integra\u00e7\u00e3o com a Receita Federal para empresas do Simples Nacional, controle de invent\u00e1rio e gera\u00e7\u00e3o autom\u00e1tica de obriga\u00e7\u00f5es acess\u00f3rias, voc\u00ea ganha mais agilidade, precis\u00e3o e seguran\u00e7a na gest\u00e3o fiscal.<\/p>\t\t\t\t\t\t\t\t<\/div>\n\t\t\t\t<\/div>\n\t\t<div class=\"elementor-element elementor-element-dac3dd5 e-flex e-con-boxed e-con e-parent\" data-id=\"dac3dd5\" data-element_type=\"container\" data-e-type=\"container\">\n\t\t\t\t\t<div class=\"e-con-inner\">\n\t\t<div class=\"elementor-element elementor-element-0d49749 e-con-full e-flex e-con e-child\" data-id=\"0d49749\" data-element_type=\"container\" data-e-type=\"container\">\n\t\t\t\t<div class=\"elementor-element elementor-element-c448424 elementor-widget elementor-widget-text-editor\" data-id=\"c448424\" data-element_type=\"widget\" data-e-type=\"widget\" data-widget_type=\"text-editor.default\">\n\t\t\t\t\t\t\t\t\t<h2 data-start=\"726\" data-end=\"757\"><strong data-start=\"726\" data-end=\"757\">Principais funcionalidades:<\/strong><\/h2><ul data-start=\"759\" data-end=\"2212\"><li data-start=\"759\" data-end=\"808\"><p data-start=\"761\" data-end=\"808\">Lan\u00e7amentos fiscais de mercadorias e servi\u00e7os<\/p><\/li><li data-start=\"809\" data-end=\"853\"><p data-start=\"811\" data-end=\"853\">Controle de movimenta\u00e7\u00e3o de combust\u00edveis<\/p><\/li><li data-start=\"854\" data-end=\"895\"><p data-start=\"856\" data-end=\"895\">Lan\u00e7amentos avulsos para PIS e Cofins<\/p><\/li><li data-start=\"896\" data-end=\"954\"><p data-start=\"898\" data-end=\"954\">Configura\u00e7\u00e3o de modelos de lan\u00e7amento de notas fiscais<\/p><\/li><li data-start=\"955\" data-end=\"1030\"><p data-start=\"957\" data-end=\"1030\">Apura\u00e7\u00e3o do Simples Nacional (per\u00edodos anteriores e posteriores a 2018)<\/p><\/li><li data-start=\"1031\" data-end=\"1073\"><p data-start=\"1033\" data-end=\"1073\">Gera\u00e7\u00e3o autom\u00e1tica de valores no PGDAS<\/p><\/li><li data-start=\"1074\" data-end=\"1128\"><p data-start=\"1076\" data-end=\"1128\">Importa\u00e7\u00e3o de clientes, fornecedores e lan\u00e7amentos<\/p><\/li><li data-start=\"1129\" data-end=\"1165\"><p data-start=\"1131\" data-end=\"1165\">Importa\u00e7\u00e3o de NF-e via XML e web<\/p><\/li><li data-start=\"1166\" data-end=\"1202\"><p data-start=\"1168\" data-end=\"1202\">Importa\u00e7\u00e3o de CT-e via XML e web<\/p><\/li><li data-start=\"1203\" data-end=\"1232\"><p data-start=\"1205\" data-end=\"1232\">Importa\u00e7\u00e3o de NFC-e e SAT<\/p><\/li><li data-start=\"1233\" data-end=\"1272\"><p data-start=\"1235\" data-end=\"1272\">Importa\u00e7\u00e3o de mapa resumo via CAT60<\/p><\/li><li data-start=\"1273\" data-end=\"1348\"><p data-start=\"1275\" data-end=\"1348\">Importa\u00e7\u00e3o de arquivos SPED EFD, Contribui\u00e7\u00f5es, Sintegra, REDF e TDREDF<\/p><\/li><li data-start=\"1349\" data-end=\"1404\"><p data-start=\"1351\" data-end=\"1404\">Gest\u00e3o para regimes de Lucro Presumido e Lucro Real<\/p><\/li><li data-start=\"1405\" data-end=\"1441\"><p data-start=\"1407\" data-end=\"1441\">Livros de apura\u00e7\u00e3o de ICMS e IPI<\/p><\/li><li data-start=\"1442\" data-end=\"1481\"><p data-start=\"1444\" data-end=\"1481\">Livros fiscais de entradas e sa\u00eddas<\/p><\/li><li data-start=\"1482\" data-end=\"1521\"><p data-start=\"1484\" data-end=\"1521\">Controle e manuten\u00e7\u00e3o de invent\u00e1rio<\/p><\/li><li data-start=\"1522\" data-end=\"1538\"><p data-start=\"1524\" data-end=\"1538\">Livro de ISS<\/p><\/li><li data-start=\"1539\" data-end=\"1566\"><p data-start=\"1541\" data-end=\"1566\">Livro de produtor rural<\/p><\/li><li data-start=\"1567\" data-end=\"1593\"><p data-start=\"1569\" data-end=\"1593\">Controle de duplicatas<\/p><\/li><li data-start=\"1594\" data-end=\"1623\"><p data-start=\"1596\" data-end=\"1623\">Gest\u00e3o e controle do CIAP<\/p><\/li><li data-start=\"1624\" data-end=\"1663\"><p data-start=\"1626\" data-end=\"1663\">Controle e gerenciamento de estoque<\/p><\/li><li data-start=\"1664\" data-end=\"1767\"><p data-start=\"1666\" data-end=\"1767\">Exporta\u00e7\u00f5es federais: SPED EFD, SPED Contribui\u00e7\u00f5es, SPED ECF, SPED REINF, MANAD, DCTF, DIPJ e SINCO<\/p><\/li><li data-start=\"1768\" data-end=\"1806\"><p data-start=\"1770\" data-end=\"1806\">Exporta\u00e7\u00f5es estaduais e municipais<\/p><\/li><li data-start=\"1807\" data-end=\"1836\"><p data-start=\"1809\" data-end=\"1836\">Declara\u00e7\u00e3o de faturamento<\/p><\/li><li data-start=\"1837\" data-end=\"1869\"><p data-start=\"1839\" data-end=\"1869\">Emiss\u00e3o de carta de corre\u00e7\u00e3o<\/p><\/li><li data-start=\"1870\" data-end=\"1954\"><p data-start=\"1872\" data-end=\"1954\">Relat\u00f3rios auxiliares: informe de rendimentos jur\u00eddicos e distribui\u00e7\u00e3o de lucros<\/p><\/li><li data-start=\"1955\" data-end=\"1990\"><p data-start=\"1957\" data-end=\"1990\">Relat\u00f3rios de apura\u00e7\u00e3o de guias<\/p><\/li><li data-start=\"1991\" data-end=\"2032\"><p data-start=\"1993\" data-end=\"2032\">C\u00e1lculo autom\u00e1tico de guias em atraso<\/p><\/li><li data-start=\"2033\" data-end=\"2085\"><p data-start=\"2035\" data-end=\"2085\">Conex\u00e3o com e-CAC para consulta e baixa de guias<\/p><\/li><li data-start=\"2086\" data-end=\"2156\"><p data-start=\"2088\" data-end=\"2156\">Corre\u00e7\u00e3o em lote de notas fiscais, cadastros de produtos e valores<\/p><\/li><li data-start=\"2157\" data-end=\"2212\"><p data-start=\"2159\" data-end=\"2212\">Integra\u00e7\u00e3o autom\u00e1tica dos dados com a contabilidade<\/p><\/li><\/ul>\t\t\t\t\t\t\t\t<\/div>\n\t\t\t\t<\/div>\n\t\t<div class=\"elementor-element elementor-element-a0ece4d e-con-full e-flex e-con e-child\" data-id=\"a0ece4d\" data-element_type=\"container\" data-e-type=\"container\">\n\t\t\t\t<div class=\"elementor-element elementor-element-420f27e elementor-widget elementor-widget-text-editor\" data-id=\"420f27e\" data-element_type=\"widget\" data-e-type=\"widget\" data-widget_type=\"text-editor.default\">\n\t\t\t\t\t\t\t\t\t<p data-start=\"761\" data-end=\"808\">Desenvolvido para oferecer mais efici\u00eancia no dia a dia e garantir conformidade com as exig\u00eancias legais, o m\u00f3dulo Fiscal foi projetado para atender \u00e0s legisla\u00e7\u00f5es municipais, estaduais e federais em todo o Brasil. Totalmente adequado \u00e0s obriga\u00e7\u00f5es do SPED Fiscal, SPED Contribui\u00e7\u00f5es e ECF, o sistema automatiza processos, reduz riscos e facilita o controle das informa\u00e7\u00f5es fiscais<\/p>\n<p data-start=\"761\" data-end=\"808\"><\/p>\n<p data-start=\"761\" data-end=\"808\"><img fetchpriority=\"high\" decoding=\"async\" class=\"alignnone  wp-image-261\" src=\"https:\/\/backupbrasil.com.br\/wp-content\/uploads\/2019\/10\/imagem-software-fiscal-backup-brasil-1-300x300.png\" alt=\"Fiscal\" width=\"480\" height=\"480\" srcset=\"https:\/\/backupbrasil.com.br\/wp-content\/uploads\/2019\/10\/imagem-software-fiscal-backup-brasil-1-300x300.png 300w, https:\/\/backupbrasil.com.br\/wp-content\/uploads\/2019\/10\/imagem-software-fiscal-backup-brasil-1-150x150.png 150w, https:\/\/backupbrasil.com.br\/wp-content\/uploads\/2019\/10\/imagem-software-fiscal-backup-brasil-1.png 480w\" sizes=\"(max-width: 480px) 100vw, 480px\" \/><\/p>\t\t\t\t\t\t\t\t<\/div>\n\t\t\t\t<\/div>\n\t\t\t\t\t<\/div>\n\t\t\t\t<\/div>\n\t\t<div class=\"elementor-element elementor-element-b0f8f83 e-flex e-con-boxed e-con e-parent\" data-id=\"b0f8f83\" data-element_type=\"container\" data-e-type=\"container\">\n\t\t\t\t\t<div class=\"e-con-inner\">\n\t\t\t\t<div class=\"elementor-element elementor-element-52a759e elementor-widget elementor-widget-text-editor\" data-id=\"52a759e\" data-element_type=\"widget\" data-e-type=\"widget\" data-widget_type=\"text-editor.default\">\n\t\t\t\t\t\t\t\t\t<p>Com recursos avan\u00e7ados como importa\u00e7\u00e3o de documentos eletr\u00f4nicos, integra\u00e7\u00e3o com a Receita Federal para empresas do Simples Nacional, controle de invent\u00e1rio e gera\u00e7\u00e3o autom\u00e1tica de obriga\u00e7\u00f5es acess\u00f3rias, voc\u00ea ganha mais agilidade, precis\u00e3o e seguran\u00e7a na gest\u00e3o fiscal.<\/p>\t\t\t\t\t\t\t\t<\/div>\n\t\t\t\t\t<\/div>\n\t\t\t\t<\/div>\n\t\t\t\t<\/div>\n\t\t","protected":false},"excerpt":{"rendered":"<p>Fiscal \u2014 Gest\u00e3o Completa e Atualizada com a Legisla\u00e7\u00e3o Brasileira Com recursos avan\u00e7ados como importa\u00e7\u00e3o de documentos eletr\u00f4nicos, integra\u00e7\u00e3o com a Receita Federal para empresas do Simples Nacional, controle de invent\u00e1rio e gera\u00e7\u00e3o autom\u00e1tica de obriga\u00e7\u00f5es acess\u00f3rias, voc\u00ea ganha mais agilidade, precis\u00e3o e seguran\u00e7a na gest\u00e3o fiscal. Principais funcionalidades: Lan\u00e7amentos fiscais de mercadorias e servi\u00e7os [&hellip;]<\/p>\n","protected":false},"author":1,"featured_media":0,"parent":0,"menu_order":0,"comment_status":"closed","ping_status":"closed","template":"","meta":{"_joinchat":[],"footnotes":""},"class_list":["post-260","page","type-page","status-publish","hentry"],"_links":{"self":[{"href":"https:\/\/backupbrasil.com.br\/index.php\/wp-json\/wp\/v2\/pages\/260","targetHints":{"allow":["GET"]}}],"collection":[{"href":"https:\/\/backupbrasil.com.br\/index.php\/wp-json\/wp\/v2\/pages"}],"about":[{"href":"https:\/\/backupbrasil.com.br\/index.php\/wp-json\/wp\/v2\/types\/page"}],"author":[{"embeddable":true,"href":"https:\/\/backupbrasil.com.br\/index.php\/wp-json\/wp\/v2\/users\/1"}],"replies":[{"embeddable":true,"href":"https:\/\/backupbrasil.com.br\/index.php\/wp-json\/wp\/v2\/comments?post=260"}],"version-history":[{"count":26,"href":"https:\/\/backupbrasil.com.br\/index.php\/wp-json\/wp\/v2\/pages\/260\/revisions"}],"predecessor-version":[{"id":4021,"href":"https:\/\/backupbrasil.com.br\/index.php\/wp-json\/wp\/v2\/pages\/260\/revisions\/4021"}],"wp:attachment":[{"href":"https:\/\/backupbrasil.com.br\/index.php\/wp-json\/wp\/v2\/media?parent=260"}],"curies":[{"name":"wp","href":"https:\/\/api.w.org\/{rel}","templated":true}]}}