{"id":265,"date":"2019-10-02T17:32:32","date_gmt":"2019-10-02T17:32:32","guid":{"rendered":"http:\/\/backupbrasil.com.br\/?page_id=265"},"modified":"2026-02-19T13:25:48","modified_gmt":"2026-02-19T13:25:48","slug":"folha-de-pagamento","status":"publish","type":"page","link":"https:\/\/backupbrasil.com.br\/index.php\/folha-de-pagamento\/","title":{"rendered":"Folha de Pagamento"},"content":{"rendered":"\t\t<div data-elementor-type=\"wp-page\" data-elementor-id=\"265\" class=\"elementor elementor-265\" data-elementor-post-type=\"page\">\n\t\t\t\t<div class=\"elementor-element elementor-element-4a60459 e-con-full e-flex e-con e-parent\" data-id=\"4a60459\" data-element_type=\"container\" data-e-type=\"container\" data-settings=\"{&quot;background_background&quot;:&quot;classic&quot;,&quot;shape_divider_bottom&quot;:&quot;mountains&quot;}\">\n\t\t\t\t<div class=\"elementor-shape elementor-shape-bottom\" aria-hidden=\"true\" data-negative=\"false\">\n\t\t\t<svg xmlns=\"http:\/\/www.w3.org\/2000\/svg\" viewBox=\"0 0 1000 100\" preserveAspectRatio=\"none\">\n\t<path class=\"elementor-shape-fill\" opacity=\"0.33\" d=\"M473,67.3c-203.9,88.3-263.1-34-320.3,0C66,119.1,0,59.7,0,59.7V0h1000v59.7 c0,0-62.1,26.1-94.9,29.3c-32.8,3.3-62.8-12.3-75.8-22.1C806,49.6,745.3,8.7,694.9,4.7S492.4,59,473,67.3z\"\/>\n\t<path class=\"elementor-shape-fill\" opacity=\"0.66\" d=\"M734,67.3c-45.5,0-77.2-23.2-129.1-39.1c-28.6-8.7-150.3-10.1-254,39.1 s-91.7-34.4-149.2,0C115.7,118.3,0,39.8,0,39.8V0h1000v36.5c0,0-28.2-18.5-92.1-18.5C810.2,18.1,775.7,67.3,734,67.3z\"\/>\n\t<path class=\"elementor-shape-fill\" d=\"M766.1,28.9c-200-57.5-266,65.5-395.1,19.5C242,1.8,242,5.4,184.8,20.6C128,35.8,132.3,44.9,89.9,52.5C28.6,63.7,0,0,0,0 h1000c0,0-9.9,40.9-83.6,48.1S829.6,47,766.1,28.9z\"\/>\n<\/svg>\t\t<\/div>\n\t\t\t\t<div class=\"elementor-element elementor-element-e185b60 elementor-widget__width-initial elementor-invisible elementor-widget elementor-widget-heading\" data-id=\"e185b60\" data-element_type=\"widget\" data-e-type=\"widget\" data-settings=\"{&quot;_animation&quot;:&quot;fadeIn&quot;}\" data-widget_type=\"heading.default\">\n\t\t\t\t\t<h2 class=\"elementor-heading-title elementor-size-default\">Folha de Pagamento <br> Gest\u00e3o Completa, Segura e Integrada<\/h2>\t\t\t\t<\/div>\n\t\t\t\t<div class=\"elementor-element elementor-element-38c8a34 elementor-widget__width-initial elementor-invisible elementor-widget elementor-widget-text-editor\" data-id=\"38c8a34\" data-element_type=\"widget\" data-e-type=\"widget\" data-settings=\"{&quot;_animation&quot;:&quot;fadeIn&quot;}\" data-widget_type=\"text-editor.default\">\n\t\t\t\t\t\t\t\t\t<p>Desenvolvido para simplificar rotinas trabalhistas e garantir total conformidade com a legisla\u00e7\u00e3o, o m\u00f3dulo de Folha de Pagamento oferece automa\u00e7\u00e3o, controle e integra\u00e7\u00e3o com os demais setores do escrit\u00f3rio. Com recursos operacionais e gerenciais avan\u00e7ados, permite administrar colaboradores, encargos e obriga\u00e7\u00f5es acess\u00f3rias com mais precis\u00e3o, reduzindo riscos e aumentando a produtividade<\/p>\t\t\t\t\t\t\t\t<\/div>\n\t\t\t\t<\/div>\n\t\t<div class=\"elementor-element elementor-element-d7a03a5 e-flex e-con-boxed e-con e-parent\" data-id=\"d7a03a5\" data-element_type=\"container\" data-e-type=\"container\">\n\t\t\t\t\t<div class=\"e-con-inner\">\n\t\t<div class=\"elementor-element elementor-element-783f327 e-con-full e-flex e-con e-child\" data-id=\"783f327\" data-element_type=\"container\" data-e-type=\"container\">\n\t\t\t\t<div class=\"elementor-element elementor-element-5430a17 elementor-widget elementor-widget-text-editor\" data-id=\"5430a17\" data-element_type=\"widget\" data-e-type=\"widget\" data-widget_type=\"text-editor.default\">\n\t\t\t\t\t\t\t\t\t<h2 data-start=\"1197\" data-end=\"1228\">\ud83d\udce4 Exporta\u00e7\u00f5es e Integra\u00e7\u00f5es<\/h2><ul data-start=\"1229\" data-end=\"1411\"><li data-start=\"1229\" data-end=\"1243\"><p data-start=\"1231\" data-end=\"1243\">Homolognet<\/p><\/li><li data-start=\"1244\" data-end=\"1291\"><p data-start=\"1246\" data-end=\"1291\">Transmiss\u00e3o de arquivos para contas sal\u00e1rio<\/p><\/li><li data-start=\"1292\" data-end=\"1334\"><p data-start=\"1294\" data-end=\"1334\">SEFIP, GRRF, CAGED, MANAD, RAIS e DIRF<\/p><\/li><li data-start=\"1335\" data-end=\"1411\"><p data-start=\"1337\" data-end=\"1411\">Integra\u00e7\u00e3o com benef\u00edcios (Ticket Restaurante, Visa Vale, VR Benef\u00edcios)<\/p><\/li><\/ul><hr data-start=\"1413\" data-end=\"1416\" \/><h2 data-start=\"1418\" data-end=\"1454\">\ud83e\uddfe Guias e Processamento da Folha<\/h2><ul data-start=\"1455\" data-end=\"1598\"><li data-start=\"1455\" data-end=\"1478\"><p data-start=\"1457\" data-end=\"1478\">DARF previdenci\u00e1ria<\/p><\/li><li data-start=\"1479\" data-end=\"1504\"><p data-start=\"1481\" data-end=\"1504\">GPS, DARF, IRRF e PIS<\/p><\/li><li data-start=\"1505\" data-end=\"1522\"><p data-start=\"1507\" data-end=\"1522\">Guia sindical<\/p><\/li><li data-start=\"1523\" data-end=\"1556\"><p data-start=\"1525\" data-end=\"1556\">Emiss\u00e3o da folha de pagamento<\/p><\/li><li data-start=\"1557\" data-end=\"1598\"><p data-start=\"1559\" data-end=\"1598\">Emiss\u00e3o de recibos de pagamento e RPA<\/p><\/li><\/ul><hr data-start=\"1600\" data-end=\"1603\" \/><h2 data-start=\"1605\" data-end=\"1632\">\ud83d\udcd1 Relat\u00f3rios e An\u00e1lises<\/h2><ul data-start=\"1633\" data-end=\"1914\"><li data-start=\"1633\" data-end=\"1653\"><p data-start=\"1635\" data-end=\"1653\">Rela\u00e7\u00e3o banc\u00e1ria<\/p><\/li><li data-start=\"1654\" data-end=\"1676\"><p data-start=\"1656\" data-end=\"1676\">M\u00e9dia de vari\u00e1veis<\/p><\/li><li data-start=\"1677\" data-end=\"1725\"><p data-start=\"1679\" data-end=\"1725\">PPP (Perfil Profissiogr\u00e1fico Previdenci\u00e1rio)<\/p><\/li><li data-start=\"1726\" data-end=\"1781\"><p data-start=\"1728\" data-end=\"1781\">Gerador de relat\u00f3rios com todos os dados do sistema<\/p><\/li><li data-start=\"1782\" data-end=\"1824\"><p data-start=\"1784\" data-end=\"1824\">Relat\u00f3rio de compra de vale-transporte<\/p><\/li><li data-start=\"1825\" data-end=\"1849\"><p data-start=\"1827\" data-end=\"1849\">Relat\u00f3rios de custos<\/p><\/li><li data-start=\"1850\" data-end=\"1870\"><p data-start=\"1852\" data-end=\"1870\">Ficha financeira<\/p><\/li><li data-start=\"1871\" data-end=\"1892\"><p data-start=\"1873\" data-end=\"1892\">Evolu\u00e7\u00e3o salarial<\/p><\/li><li data-start=\"1893\" data-end=\"1914\"><p data-start=\"1895\" data-end=\"1914\">Cargos e sal\u00e1rios<\/p><\/li><\/ul>\t\t\t\t\t\t\t\t<\/div>\n\t\t\t\t<\/div>\n\t\t<div class=\"elementor-element elementor-element-f7fa943 e-con-full e-flex e-con e-child\" data-id=\"f7fa943\" data-element_type=\"container\" data-e-type=\"container\">\n\t\t\t\t<div class=\"elementor-element elementor-element-85e617d elementor-widget elementor-widget-text-editor\" data-id=\"85e617d\" data-element_type=\"widget\" data-e-type=\"widget\" data-widget_type=\"text-editor.default\">\n\t\t\t\t\t\t\t\t\t<h2 data-start=\"460\" data-end=\"477\">\u2699\ufe0f Operacional<\/h2>\n<ul data-start=\"478\" data-end=\"644\">\n \t<li data-start=\"478\" data-end=\"526\">\n<p data-start=\"480\" data-end=\"526\">Processamento completo da folha de pagamento<\/p>\n<\/li>\n \t<li data-start=\"527\" data-end=\"576\">\n<p data-start=\"529\" data-end=\"576\">Integra\u00e7\u00e3o com escrita fiscal e contabilidade<\/p>\n<\/li>\n \t<li data-start=\"577\" data-end=\"608\">\n<p data-start=\"579\" data-end=\"608\">Administra\u00e7\u00e3o do escrit\u00f3rio<\/p>\n<\/li>\n \t<li data-start=\"609\" data-end=\"644\">\n<p data-start=\"611\" data-end=\"644\">Integra\u00e7\u00e3o com ponto eletr\u00f4nico<\/p>\n<\/li>\n<\/ul>\n\n<hr data-start=\"646\" data-end=\"649\" \/>\n\n<h2 data-start=\"651\" data-end=\"676\">\ud83d\udcca Recursos Gerenciais<\/h2>\n<ul data-start=\"677\" data-end=\"1190\">\n \t<li data-start=\"677\" data-end=\"716\">\n<p data-start=\"679\" data-end=\"716\">Recibo de compra de vale-transporte<\/p>\n<\/li>\n \t<li data-start=\"717\" data-end=\"761\">\n<p data-start=\"719\" data-end=\"761\">Controle de benef\u00edcios dos colaboradores<\/p>\n<\/li>\n \t<li data-start=\"762\" data-end=\"798\">\n<p data-start=\"764\" data-end=\"798\">Provis\u00e3o de f\u00e9rias e 13\u00ba sal\u00e1rio<\/p>\n<\/li>\n \t<li data-start=\"799\" data-end=\"917\">\n<p data-start=\"801\" data-end=\"917\">Ficha de registro com atualiza\u00e7\u00e3o autom\u00e1tica (cargos, sal\u00e1rios, f\u00e9rias, afastamentos, contribui\u00e7\u00f5es e dependentes)<\/p>\n<\/li>\n \t<li data-start=\"918\" data-end=\"966\">\n<p data-start=\"920\" data-end=\"966\">Controle de guias emitidas, pagas e a vencer<\/p>\n<\/li>\n \t<li data-start=\"967\" data-end=\"1010\">\n<p data-start=\"969\" data-end=\"1010\">Controle de exames m\u00e9dicos ocupacionais<\/p>\n<\/li>\n \t<li data-start=\"1011\" data-end=\"1049\">\n<p data-start=\"1013\" data-end=\"1049\">Gest\u00e3o de contratos de experi\u00eancia<\/p>\n<\/li>\n \t<li data-start=\"1050\" data-end=\"1081\">\n<p data-start=\"1052\" data-end=\"1081\">Controle de f\u00e9rias vencidas<\/p>\n<\/li>\n \t<li data-start=\"1082\" data-end=\"1121\">\n<p data-start=\"1084\" data-end=\"1121\">Controle de empr\u00e9stimos consignados<\/p>\n<\/li>\n \t<li data-start=\"1122\" data-end=\"1156\">\n<p data-start=\"1124\" data-end=\"1156\">Gest\u00e3o de pens\u00f5es aliment\u00edcias<\/p>\n<\/li>\n \t<li data-start=\"1157\" data-end=\"1190\">\n<p data-start=\"1159\" data-end=\"1190\">C\u00e1lculo de impostos em atraso<\/p>\n<\/li>\n<\/ul>\n<img fetchpriority=\"high\" decoding=\"async\" class=\"alignnone  wp-image-267\" src=\"https:\/\/backupbrasil.com.br\/wp-content\/uploads\/2019\/10\/imagem-software-folhadepagamento-backup-braslil-1-300x300.png\" alt=\"Folha de Pagamento\" width=\"400\" height=\"400\" srcset=\"https:\/\/backupbrasil.com.br\/wp-content\/uploads\/2019\/10\/imagem-software-folhadepagamento-backup-braslil-1-300x300.png 300w, https:\/\/backupbrasil.com.br\/wp-content\/uploads\/2019\/10\/imagem-software-folhadepagamento-backup-braslil-1-150x150.png 150w, https:\/\/backupbrasil.com.br\/wp-content\/uploads\/2019\/10\/imagem-software-folhadepagamento-backup-braslil-1.png 480w\" sizes=\"(max-width: 400px) 100vw, 400px\" \/>\t\t\t\t\t\t\t\t<\/div>\n\t\t\t\t<\/div>\n\t\t\t\t\t<\/div>\n\t\t\t\t<\/div>\n\t\t<div class=\"elementor-element elementor-element-4a76de3 e-flex e-con-boxed e-con e-parent\" data-id=\"4a76de3\" data-element_type=\"container\" data-e-type=\"container\">\n\t\t\t\t\t<div class=\"e-con-inner\">\n\t\t\t\t<div class=\"elementor-element elementor-element-b9d1544 elementor-widget elementor-widget-text-editor\" data-id=\"b9d1544\" data-element_type=\"widget\" data-e-type=\"widget\" data-widget_type=\"text-editor.default\">\n\t\t\t\t\t\t\t\t\t<p data-start=\"1921\" data-end=\"2146\">Com o m\u00f3dulo de Folha de Pagamento, seu escrit\u00f3rio ganha mais controle sobre rotinas trabalhistas, reduz retrabalho e assegura conformidade com as obriga\u00e7\u00f5es legais, proporcionando efici\u00eancia e seguran\u00e7a na gest\u00e3o de pessoas.<\/p>\t\t\t\t\t\t\t\t<\/div>\n\t\t\t\t\t<\/div>\n\t\t\t\t<\/div>\n\t\t\t\t<\/div>\n\t\t","protected":false},"excerpt":{"rendered":"<p>Folha de Pagamento Gest\u00e3o Completa, Segura e Integrada Desenvolvido para simplificar rotinas trabalhistas e garantir total conformidade com a legisla\u00e7\u00e3o, o m\u00f3dulo de Folha de Pagamento oferece automa\u00e7\u00e3o, controle e integra\u00e7\u00e3o com os demais setores do escrit\u00f3rio. Com recursos operacionais e gerenciais avan\u00e7ados, permite administrar colaboradores, encargos e obriga\u00e7\u00f5es acess\u00f3rias com mais precis\u00e3o, reduzindo riscos [&hellip;]<\/p>\n","protected":false},"author":1,"featured_media":0,"parent":0,"menu_order":0,"comment_status":"closed","ping_status":"closed","template":"","meta":{"_joinchat":[],"footnotes":""},"class_list":["post-265","page","type-page","status-publish","hentry"],"_links":{"self":[{"href":"https:\/\/backupbrasil.com.br\/index.php\/wp-json\/wp\/v2\/pages\/265","targetHints":{"allow":["GET"]}}],"collection":[{"href":"https:\/\/backupbrasil.com.br\/index.php\/wp-json\/wp\/v2\/pages"}],"about":[{"href":"https:\/\/backupbrasil.com.br\/index.php\/wp-json\/wp\/v2\/types\/page"}],"author":[{"embeddable":true,"href":"https:\/\/backupbrasil.com.br\/index.php\/wp-json\/wp\/v2\/users\/1"}],"replies":[{"embeddable":true,"href":"https:\/\/backupbrasil.com.br\/index.php\/wp-json\/wp\/v2\/comments?post=265"}],"version-history":[{"count":20,"href":"https:\/\/backupbrasil.com.br\/index.php\/wp-json\/wp\/v2\/pages\/265\/revisions"}],"predecessor-version":[{"id":4024,"href":"https:\/\/backupbrasil.com.br\/index.php\/wp-json\/wp\/v2\/pages\/265\/revisions\/4024"}],"wp:attachment":[{"href":"https:\/\/backupbrasil.com.br\/index.php\/wp-json\/wp\/v2\/media?parent=265"}],"curies":[{"name":"wp","href":"https:\/\/api.w.org\/{rel}","templated":true}]}}