{"id":270,"date":"2019-10-02T17:38:46","date_gmt":"2019-10-02T17:38:46","guid":{"rendered":"http:\/\/backupbrasil.com.br\/?page_id=270"},"modified":"2026-02-19T13:59:15","modified_gmt":"2026-02-19T13:59:15","slug":"nf-e","status":"publish","type":"page","link":"https:\/\/backupbrasil.com.br\/index.php\/nf-e\/","title":{"rendered":"NF-e"},"content":{"rendered":"\t\t<div data-elementor-type=\"wp-page\" data-elementor-id=\"270\" class=\"elementor elementor-270\" data-elementor-post-type=\"page\">\n\t\t\t\t<div class=\"elementor-element elementor-element-aaeff69 e-con-full e-flex e-con e-parent\" data-id=\"aaeff69\" data-element_type=\"container\" data-e-type=\"container\" data-settings=\"{&quot;background_background&quot;:&quot;classic&quot;,&quot;shape_divider_bottom&quot;:&quot;mountains&quot;}\">\n\t\t\t\t<div class=\"elementor-shape elementor-shape-bottom\" aria-hidden=\"true\" data-negative=\"false\">\n\t\t\t<svg xmlns=\"http:\/\/www.w3.org\/2000\/svg\" viewBox=\"0 0 1000 100\" preserveAspectRatio=\"none\">\n\t<path class=\"elementor-shape-fill\" opacity=\"0.33\" d=\"M473,67.3c-203.9,88.3-263.1-34-320.3,0C66,119.1,0,59.7,0,59.7V0h1000v59.7 c0,0-62.1,26.1-94.9,29.3c-32.8,3.3-62.8-12.3-75.8-22.1C806,49.6,745.3,8.7,694.9,4.7S492.4,59,473,67.3z\"\/>\n\t<path class=\"elementor-shape-fill\" opacity=\"0.66\" d=\"M734,67.3c-45.5,0-77.2-23.2-129.1-39.1c-28.6-8.7-150.3-10.1-254,39.1 s-91.7-34.4-149.2,0C115.7,118.3,0,39.8,0,39.8V0h1000v36.5c0,0-28.2-18.5-92.1-18.5C810.2,18.1,775.7,67.3,734,67.3z\"\/>\n\t<path class=\"elementor-shape-fill\" d=\"M766.1,28.9c-200-57.5-266,65.5-395.1,19.5C242,1.8,242,5.4,184.8,20.6C128,35.8,132.3,44.9,89.9,52.5C28.6,63.7,0,0,0,0 h1000c0,0-9.9,40.9-83.6,48.1S829.6,47,766.1,28.9z\"\/>\n<\/svg>\t\t<\/div>\n\t\t\t\t<div class=\"elementor-element elementor-element-4c6d348 elementor-widget__width-initial elementor-invisible elementor-widget elementor-widget-heading\" data-id=\"4c6d348\" data-element_type=\"widget\" data-e-type=\"widget\" data-settings=\"{&quot;_animation&quot;:&quot;fadeIn&quot;}\" data-widget_type=\"heading.default\">\n\t\t\t\t\t<h2 class=\"elementor-heading-title elementor-size-default\">NFE - Gest\u00e3o de faturamento e vendas integrada para m\u00e1xima efici\u00eancia e controle<\/h2>\t\t\t\t<\/div>\n\t\t\t\t<div class=\"elementor-element elementor-element-4df1df5 elementor-widget__width-initial elementor-invisible elementor-widget elementor-widget-text-editor\" data-id=\"4df1df5\" data-element_type=\"widget\" data-e-type=\"widget\" data-settings=\"{&quot;_animation&quot;:&quot;fadeIn&quot;}\" data-widget_type=\"text-editor.default\">\n\t\t\t\t\t\t\t\t\t<p>obtenha insights estrat\u00e9gicos com relat\u00f3rios de comiss\u00f5es, faturamento por per\u00edodo ou produto e mapas completos de an\u00e1lise de vendas, garantindo mais controle, agilidade e melhores decis\u00f5es comerciais.<\/p>\t\t\t\t\t\t\t\t<\/div>\n\t\t\t\t<\/div>\n\t\t<div class=\"elementor-element elementor-element-822c704 e-flex e-con-boxed e-con e-parent\" data-id=\"822c704\" data-element_type=\"container\" data-e-type=\"container\">\n\t\t\t\t\t<div class=\"e-con-inner\">\n\t\t<div class=\"elementor-element elementor-element-660387b e-con-full e-flex e-con e-child\" data-id=\"660387b\" data-element_type=\"container\" data-e-type=\"container\">\n\t\t\t\t<div class=\"elementor-element elementor-element-1ad88e6 elementor-widget elementor-widget-text-editor\" data-id=\"1ad88e6\" data-element_type=\"widget\" data-e-type=\"widget\" data-widget_type=\"text-editor.default\">\n\t\t\t\t\t\t\t\t\t<h2 data-start=\"726\" data-end=\"757\"><strong data-start=\"726\" data-end=\"757\">Principais funcionalidades:<\/strong><\/h2><ul><li>Faturamento de notas fiscais eletr\u00f4nicas (produtos e servi\u00e7os)<\/li><li>Gera\u00e7\u00e3o autom\u00e1tica de contas a receber<\/li><li>Baixa autom\u00e1tica do estoque<\/li><li>Reservas de estoque conforme os pedidos<\/li><li>Fluxo de vendas (or\u00e7amentos pedido nota fiscal)<\/li><li>Relat\u00f3rio de comiss\u00e3o de vendas por per\u00edodo<\/li><li>Relat\u00f3rio de comiss\u00e3o de vendas por produtos<\/li><li>Relat\u00f3rio de faturamento por per\u00edodo<\/li><li>Relat\u00f3rio de faturamento por produtos<\/li><li>Mapas de an\u00e1lises de vendas<\/li><\/ul>\t\t\t\t\t\t\t\t<\/div>\n\t\t\t\t<\/div>\n\t\t<div class=\"elementor-element elementor-element-aed22cd e-con-full e-flex e-con e-child\" data-id=\"aed22cd\" data-element_type=\"container\" data-e-type=\"container\">\n\t\t\t\t<div class=\"elementor-element elementor-element-6948292 elementor-widget elementor-widget-text-editor\" data-id=\"6948292\" data-element_type=\"widget\" data-e-type=\"widget\" data-widget_type=\"text-editor.default\">\n\t\t\t\t\t\t\t\t\t<p data-start=\"101\" data-end=\"445\">Gerencie as finan\u00e7as da sua empresa com clareza, organiza\u00e7\u00e3o e intelig\u00eancia. O m\u00f3dulo financeiro foi desenvolvido para oferecer controle total sobre contas a pagar e a receber, fluxo de caixa e processos de faturamento, com relat\u00f3rios detalhados e recursos que facilitam a an\u00e1lise e a tomada de decis\u00f5es estrat\u00e9gicas.<\/p><p data-start=\"447\" data-end=\"864\">Automatize rotinas como emiss\u00e3o de boletos com c\u00f3digo de barras, notas fiscais de servi\u00e7o e configura\u00e7\u00f5es de nota fiscal eletr\u00f4nica, al\u00e9m de gerenciar contratos, inadimpl\u00eancia e cobran\u00e7as recorrentes ou avulsas com efici\u00eancia. O sistema tamb\u00e9m permite configurar arquivos de remessa e retorno banc\u00e1rio, realizar baixas autom\u00e1ticas, controlar comiss\u00f5es e acompanhar resultados por meio de relat\u00f3rios e gr\u00e1ficos claros.<\/p><p data-start=\"447\" data-end=\"864\">\u00a0<\/p><p data-start=\"447\" data-end=\"864\"><img decoding=\"async\" class=\"\" src=\"http:\/\/backupbrasil.com.br\/wp-content\/uploads\/2019\/10\/imagem-software-nfe-backup-braslil-1.png\" alt=\"\" \/><\/p>\t\t\t\t\t\t\t\t<\/div>\n\t\t\t\t<\/div>\n\t\t\t\t\t<\/div>\n\t\t\t\t<\/div>\n\t\t\t\t<\/div>\n\t\t","protected":false},"excerpt":{"rendered":"<p>NFE &#8211; Gest\u00e3o de faturamento e vendas integrada para m\u00e1xima efici\u00eancia e controle obtenha insights estrat\u00e9gicos com relat\u00f3rios de comiss\u00f5es, faturamento por per\u00edodo ou produto e mapas completos de an\u00e1lise de vendas, garantindo mais controle, agilidade e melhores decis\u00f5es comerciais. Principais funcionalidades: Faturamento de notas fiscais eletr\u00f4nicas (produtos e servi\u00e7os) Gera\u00e7\u00e3o autom\u00e1tica de contas a [&hellip;]<\/p>\n","protected":false},"author":1,"featured_media":0,"parent":0,"menu_order":0,"comment_status":"closed","ping_status":"closed","template":"","meta":{"_joinchat":[],"footnotes":""},"class_list":["post-270","page","type-page","status-publish","hentry"],"_links":{"self":[{"href":"https:\/\/backupbrasil.com.br\/index.php\/wp-json\/wp\/v2\/pages\/270","targetHints":{"allow":["GET"]}}],"collection":[{"href":"https:\/\/backupbrasil.com.br\/index.php\/wp-json\/wp\/v2\/pages"}],"about":[{"href":"https:\/\/backupbrasil.com.br\/index.php\/wp-json\/wp\/v2\/types\/page"}],"author":[{"embeddable":true,"href":"https:\/\/backupbrasil.com.br\/index.php\/wp-json\/wp\/v2\/users\/1"}],"replies":[{"embeddable":true,"href":"https:\/\/backupbrasil.com.br\/index.php\/wp-json\/wp\/v2\/comments?post=270"}],"version-history":[{"count":11,"href":"https:\/\/backupbrasil.com.br\/index.php\/wp-json\/wp\/v2\/pages\/270\/revisions"}],"predecessor-version":[{"id":4056,"href":"https:\/\/backupbrasil.com.br\/index.php\/wp-json\/wp\/v2\/pages\/270\/revisions\/4056"}],"wp:attachment":[{"href":"https:\/\/backupbrasil.com.br\/index.php\/wp-json\/wp\/v2\/media?parent=270"}],"curies":[{"name":"wp","href":"https:\/\/api.w.org\/{rel}","templated":true}]}}