{"id":275,"date":"2019-10-02T17:45:23","date_gmt":"2019-10-02T17:45:23","guid":{"rendered":"http:\/\/backupbrasil.com.br\/?page_id=275"},"modified":"2026-02-19T13:28:54","modified_gmt":"2026-02-19T13:28:54","slug":"ponto-eletronico","status":"publish","type":"page","link":"https:\/\/backupbrasil.com.br\/index.php\/ponto-eletronico\/","title":{"rendered":"Ponto Eletr\u00f4nico"},"content":{"rendered":"\t\t<div data-elementor-type=\"wp-page\" data-elementor-id=\"275\" class=\"elementor elementor-275\" data-elementor-post-type=\"page\">\n\t\t\t\t<div class=\"elementor-element elementor-element-8ff6924 e-con-full e-flex e-con e-parent\" data-id=\"8ff6924\" data-element_type=\"container\" data-e-type=\"container\" data-settings=\"{&quot;background_background&quot;:&quot;classic&quot;,&quot;shape_divider_bottom&quot;:&quot;mountains&quot;}\">\n\t\t\t\t<div class=\"elementor-shape elementor-shape-bottom\" aria-hidden=\"true\" data-negative=\"false\">\n\t\t\t<svg xmlns=\"http:\/\/www.w3.org\/2000\/svg\" viewBox=\"0 0 1000 100\" preserveAspectRatio=\"none\">\n\t<path class=\"elementor-shape-fill\" opacity=\"0.33\" d=\"M473,67.3c-203.9,88.3-263.1-34-320.3,0C66,119.1,0,59.7,0,59.7V0h1000v59.7 c0,0-62.1,26.1-94.9,29.3c-32.8,3.3-62.8-12.3-75.8-22.1C806,49.6,745.3,8.7,694.9,4.7S492.4,59,473,67.3z\"\/>\n\t<path class=\"elementor-shape-fill\" opacity=\"0.66\" d=\"M734,67.3c-45.5,0-77.2-23.2-129.1-39.1c-28.6-8.7-150.3-10.1-254,39.1 s-91.7-34.4-149.2,0C115.7,118.3,0,39.8,0,39.8V0h1000v36.5c0,0-28.2-18.5-92.1-18.5C810.2,18.1,775.7,67.3,734,67.3z\"\/>\n\t<path class=\"elementor-shape-fill\" d=\"M766.1,28.9c-200-57.5-266,65.5-395.1,19.5C242,1.8,242,5.4,184.8,20.6C128,35.8,132.3,44.9,89.9,52.5C28.6,63.7,0,0,0,0 h1000c0,0-9.9,40.9-83.6,48.1S829.6,47,766.1,28.9z\"\/>\n<\/svg>\t\t<\/div>\n\t\t\t\t<div class=\"elementor-element elementor-element-dc96a52 elementor-widget__width-initial elementor-invisible elementor-widget elementor-widget-heading\" data-id=\"dc96a52\" data-element_type=\"widget\" data-e-type=\"widget\" data-settings=\"{&quot;_animation&quot;:&quot;fadeIn&quot;}\" data-widget_type=\"heading.default\">\n\t\t\t\t\t<h2 class=\"elementor-heading-title elementor-size-default\">Ponto Eletr\u00f4nico <br> Controle Preciso da Jornada de Trabalho<\/h2>\t\t\t\t<\/div>\n\t\t\t\t<div class=\"elementor-element elementor-element-1994f26 elementor-widget__width-initial elementor-invisible elementor-widget elementor-widget-text-editor\" data-id=\"1994f26\" data-element_type=\"widget\" data-e-type=\"widget\" data-settings=\"{&quot;_animation&quot;:&quot;fadeIn&quot;}\" data-widget_type=\"text-editor.default\">\n\t\t\t\t\t\t\t\t\t<p>Ideal para empresas e escrit\u00f3rios que buscam mais organiza\u00e7\u00e3o, transpar\u00eancia e efici\u00eancia na gest\u00e3o de frequ\u00eancia, o sistema automatiza c\u00e1lculos e facilita o acompanhamento das ocorr\u00eancias do dia a dia.<\/p>\t\t\t\t\t\t\t\t<\/div>\n\t\t\t\t<\/div>\n\t\t<div class=\"elementor-element elementor-element-e396652 e-flex e-con-boxed e-con e-parent\" data-id=\"e396652\" data-element_type=\"container\" data-e-type=\"container\">\n\t\t\t\t\t<div class=\"e-con-inner\">\n\t\t<div class=\"elementor-element elementor-element-f19b61b e-con-full e-flex e-con e-child\" data-id=\"f19b61b\" data-element_type=\"container\" data-e-type=\"container\">\n\t\t\t\t<div class=\"elementor-element elementor-element-104f0e3 elementor-widget elementor-widget-text-editor\" data-id=\"104f0e3\" data-element_type=\"widget\" data-e-type=\"widget\" data-widget_type=\"text-editor.default\">\n\t\t\t\t\t\t\t\t\t<h2 data-start=\"677\" data-end=\"708\"><strong data-start=\"677\" data-end=\"708\">Principais funcionalidades:<\/strong><\/h2><ul data-start=\"710\" data-end=\"1164\"><li data-start=\"710\" data-end=\"758\"><p data-start=\"712\" data-end=\"758\">Configura\u00e7\u00e3o e gest\u00e3o de escalas de trabalho<\/p><\/li><li data-start=\"759\" data-end=\"804\"><p data-start=\"761\" data-end=\"804\">Apura\u00e7\u00e3o de horas extras di\u00e1ria ou mensal<\/p><\/li><li data-start=\"805\" data-end=\"853\"><p data-start=\"807\" data-end=\"853\">Importa\u00e7\u00e3o de dados conforme a Portaria 1510<\/p><\/li><li data-start=\"854\" data-end=\"893\"><p data-start=\"856\" data-end=\"893\">Controle e gest\u00e3o de banco de horas<\/p><\/li><li data-start=\"894\" data-end=\"938\"><p data-start=\"896\" data-end=\"938\">Registro e controle de atestados m\u00e9dicos<\/p><\/li><li data-start=\"939\" data-end=\"969\"><p data-start=\"941\" data-end=\"969\">Emiss\u00e3o de cart\u00e3o de ponto<\/p><\/li><li data-start=\"970\" data-end=\"1030\"><p data-start=\"972\" data-end=\"1030\">C\u00e1lculos parametrizados conforme conven\u00e7\u00f5es e sindicatos<\/p><\/li><li data-start=\"1031\" data-end=\"1085\"><p data-start=\"1033\" data-end=\"1085\">Relat\u00f3rios de apoio, inconsist\u00eancias e ocorr\u00eancias<\/p><\/li><li data-start=\"1086\" data-end=\"1164\"><p data-start=\"1088\" data-end=\"1164\">Gera\u00e7\u00e3o e exporta\u00e7\u00e3o de vari\u00e1veis para integra\u00e7\u00e3o com a Folha de Pagamento<\/p><\/li><\/ul><p data-start=\"1166\" data-end=\"1344\">Com o Ponto Eletr\u00f4nico, voc\u00ea garante maior precis\u00e3o no controle de jornada, reduz riscos trabalhistas e otimiza processos, mantendo todas as informa\u00e7\u00f5es organizadas e acess\u00edveis.<\/p>\t\t\t\t\t\t\t\t<\/div>\n\t\t\t\t<\/div>\n\t\t<div class=\"elementor-element elementor-element-b79af0c e-con-full e-flex e-con e-child\" data-id=\"b79af0c\" data-element_type=\"container\" data-e-type=\"container\">\n\t\t\t\t<div class=\"elementor-element elementor-element-3637690 elementor-widget elementor-widget-text-editor\" data-id=\"3637690\" data-element_type=\"widget\" data-e-type=\"widget\" data-widget_type=\"text-editor.default\">\n\t\t\t\t\t\t\t\t\t<p data-start=\"761\" data-end=\"808\">O m\u00f3dulo de Ponto Eletr\u00f4nico foi desenvolvido para oferecer controle completo e confi\u00e1vel da jornada dos colaboradores, permitindo ajustes r\u00e1pidos e integra\u00e7\u00e3o total com o sistema de Folha de Pagamento. Com recursos flex\u00edveis e compatibilidade com diferentes modelos de rel\u00f3gio de ponto, a ferramenta simplifica a apura\u00e7\u00e3o de horas, reduz inconsist\u00eancias e garante conformidade com a legisla\u00e7\u00e3o trabalhista.<\/p><p data-start=\"761\" data-end=\"808\">\u00a0<\/p><p data-start=\"761\" data-end=\"808\"><img fetchpriority=\"high\" decoding=\"async\" class=\"alignnone  wp-image-277\" src=\"https:\/\/backupbrasil.com.br\/wp-content\/uploads\/2019\/10\/imagem-software-ponto-eletronico-backup-braslil-300x300.png\" alt=\"Ponto Eletr\u00f4nico\" width=\"383\" height=\"383\" srcset=\"https:\/\/backupbrasil.com.br\/wp-content\/uploads\/2019\/10\/imagem-software-ponto-eletronico-backup-braslil-300x300.png 300w, https:\/\/backupbrasil.com.br\/wp-content\/uploads\/2019\/10\/imagem-software-ponto-eletronico-backup-braslil-150x150.png 150w, https:\/\/backupbrasil.com.br\/wp-content\/uploads\/2019\/10\/imagem-software-ponto-eletronico-backup-braslil.png 480w\" sizes=\"(max-width: 383px) 100vw, 383px\" \/><\/p>\t\t\t\t\t\t\t\t<\/div>\n\t\t\t\t<\/div>\n\t\t\t\t\t<\/div>\n\t\t\t\t<\/div>\n\t\t\t\t<\/div>\n\t\t","protected":false},"excerpt":{"rendered":"<p>Ponto Eletr\u00f4nico Controle Preciso da Jornada de Trabalho Ideal para empresas e escrit\u00f3rios que buscam mais organiza\u00e7\u00e3o, transpar\u00eancia e efici\u00eancia na gest\u00e3o de frequ\u00eancia, o sistema automatiza c\u00e1lculos e facilita o acompanhamento das ocorr\u00eancias do dia a dia. Principais funcionalidades: Configura\u00e7\u00e3o e gest\u00e3o de escalas de trabalho Apura\u00e7\u00e3o de horas extras di\u00e1ria ou mensal Importa\u00e7\u00e3o [&hellip;]<\/p>\n","protected":false},"author":1,"featured_media":0,"parent":0,"menu_order":0,"comment_status":"closed","ping_status":"closed","template":"","meta":{"_joinchat":[],"footnotes":""},"class_list":["post-275","page","type-page","status-publish","hentry"],"_links":{"self":[{"href":"https:\/\/backupbrasil.com.br\/index.php\/wp-json\/wp\/v2\/pages\/275","targetHints":{"allow":["GET"]}}],"collection":[{"href":"https:\/\/backupbrasil.com.br\/index.php\/wp-json\/wp\/v2\/pages"}],"about":[{"href":"https:\/\/backupbrasil.com.br\/index.php\/wp-json\/wp\/v2\/types\/page"}],"author":[{"embeddable":true,"href":"https:\/\/backupbrasil.com.br\/index.php\/wp-json\/wp\/v2\/users\/1"}],"replies":[{"embeddable":true,"href":"https:\/\/backupbrasil.com.br\/index.php\/wp-json\/wp\/v2\/comments?post=275"}],"version-history":[{"count":24,"href":"https:\/\/backupbrasil.com.br\/index.php\/wp-json\/wp\/v2\/pages\/275\/revisions"}],"predecessor-version":[{"id":4030,"href":"https:\/\/backupbrasil.com.br\/index.php\/wp-json\/wp\/v2\/pages\/275\/revisions\/4030"}],"wp:attachment":[{"href":"https:\/\/backupbrasil.com.br\/index.php\/wp-json\/wp\/v2\/media?parent=275"}],"curies":[{"name":"wp","href":"https:\/\/api.w.org\/{rel}","templated":true}]}}