{"id":3427,"date":"2020-11-24T13:00:23","date_gmt":"2020-11-24T16:00:23","guid":{"rendered":"https:\/\/www.casadocontabilista.org.br\/?page_id=3427"},"modified":"2020-11-24T13:00:23","modified_gmt":"2020-11-24T16:00:23","slug":"nota-fiscal-eletronica","status":"publish","type":"page","link":"https:\/\/backupbrasil.com.br\/index.php\/sistemas\/nota-fiscal-eletronica\/","title":{"rendered":"Nota Fiscal Eletr\u00f4nica"},"content":{"rendered":"<p>[kc_row _id=&#8221;657965&#8243;][kc_column _id=&#8221;703666&#8243;][kc_column_text _id=&#8221;58791&#8243;]<\/p>\n<h2><a href=\"https:\/\/www.casadocontabilista.org.br\/\"><img decoding=\"async\" class=\"size-full aligncenter\" src=\"https:\/\/www.casadocontabilista.org.br\/wp-content\/uploads\/2020\/11\/logo-casa-do-contabilista-300X150.jpg\" alt=\"Nota Fiscal Eletr\u00f4nica\" width=\"300\" height=\"150\" \/><\/a><\/h2>\n<h2>\u00a0<\/h2>\n<h2>Nota Fiscal Eletr\u00f4nica<\/h2>\n<p>Para continuar emitindo suas notas fiscais de servi\u00e7os &#8211; NFS-e do munic\u00edpio de Ribeir\u00e3o Preto &#8211; SP<\/p>\n<p>a partir de dezembro\/2020, as empresas devem contratar o seu software de emiss\u00e3o de notas.<\/p>\n<p>A Nota Control possui os produtos com as principais funcionalidades previstas pelo sistema da prefeitura atrav\u00e9s do link <a href=\"https:\/\/www.notacontrol.com.br\/casadocontabilista\/#\/cidadeProdutos\/5254\">https:\/\/www.notacontrol.com.br\/casadocontabilista\/#\/cidadeProdutos\/5254<\/a>.<\/p>\n<p><img fetchpriority=\"high\" decoding=\"async\" class=\"alignnone size-full\" src=\"https:\/\/www.casadocontabilista.org.br\/wp-content\/uploads\/2020\/11\/nf-e.jpg\" alt=\"Nota Fiscal Eletr\u00f4nica\" width=\"566\" height=\"372\" \/><\/p>\n<p>O produto NFS-E MEI exclusivo para as empresas optantes do regime MEI,<\/p>\n<p>possuem produtos na categoria mensal de apenas R$ 7,90 e anual por R4 89,90.<\/p>\n<p>As funcionalidades do sistema n\u00e3o se modificam, alterando somente a forma de pagamento do contrato.<\/p>\n<p>O produto NFS-e B\u00e1sico destinado as demais empresas no valor mensal de R$ 29,90.<\/p>\n<p>Esse produto d\u00e1 acesso ao sistema Emissor NFS-e online assim como o produto NFS-e MEI.<\/p>\n<p>O produto NFS-e Plus no valor mensal de R$ 49,90, prev\u00ea o acesso ao sistema Emissor NFS-e Online e<\/p>\n<p>tamb\u00e9m o acesso ao nosso programa Converge.net, que \u00e9 destinado a integra\u00e7\u00e3o,<\/p>\n<p>acesso ao nosso aplicativo para smartphone de emiss\u00e3o de notas<\/p>\n<p>e o todo o suporte para as empresas que tamb\u00e9m querem fazer a integra\u00e7\u00e3o de seus sistemas via webservice.<\/p>\n<p>O produto Integra F\u00e1cil no valor anual de R$ 149,90,<\/p>\n<p><strong>N\u00c3O<\/strong> prev\u00ea o uso do sistema Emissor NFS-e Online,<\/p>\n<p>visto que esse \u00e9 destinado as empresas que querem somente fazer a integra\u00e7\u00e3o e com esse produto<\/p>\n<p>fornecemos todo o suporte que a empresa necessitar na adequa\u00e7\u00e3o do novo layout do XML.<\/p>\n<p>No caso dos produtos NFS-e MEI, B\u00e1sico e Plus a emiss\u00e3o de notas online ser\u00e1 realizado atrav\u00e9s do link <a href=\"https:\/\/www.notaeletronica.com.br\/ribeiraopreto\/Login\/Login_NFE.aspx\">https:\/\/www.notaeletronica.com.br\/ribeiraopreto\/Login\/Login_NFE.aspx<\/a><\/p>\n<p>[\/kc_column_text][\/kc_column][\/kc_row]<\/p>\n","protected":false},"excerpt":{"rendered":"<p>[kc_row _id=&#8221;657965&#8243;][kc_column _id=&#8221;703666&#8243;][kc_column_text _id=&#8221;58791&#8243;] \u00a0 Nota Fiscal Eletr\u00f4nica Para continuar emitindo suas notas fiscais de servi\u00e7os &#8211; NFS-e do munic\u00edpio de Ribeir\u00e3o Preto &#8211; SP a partir de dezembro\/2020, as empresas devem contratar o seu software de emiss\u00e3o de notas. A Nota Control possui os produtos com as principais funcionalidades previstas pelo sistema da prefeitura [&hellip;]<\/p>\n","protected":false},"author":1,"featured_media":0,"parent":3601,"menu_order":0,"comment_status":"closed","ping_status":"closed","template":"","meta":{"_joinchat":[],"footnotes":""},"class_list":["post-3427","page","type-page","status-publish","hentry"],"_links":{"self":[{"href":"https:\/\/backupbrasil.com.br\/index.php\/wp-json\/wp\/v2\/pages\/3427","targetHints":{"allow":["GET"]}}],"collection":[{"href":"https:\/\/backupbrasil.com.br\/index.php\/wp-json\/wp\/v2\/pages"}],"about":[{"href":"https:\/\/backupbrasil.com.br\/index.php\/wp-json\/wp\/v2\/types\/page"}],"author":[{"embeddable":true,"href":"https:\/\/backupbrasil.com.br\/index.php\/wp-json\/wp\/v2\/users\/1"}],"replies":[{"embeddable":true,"href":"https:\/\/backupbrasil.com.br\/index.php\/wp-json\/wp\/v2\/comments?post=3427"}],"version-history":[{"count":0,"href":"https:\/\/backupbrasil.com.br\/index.php\/wp-json\/wp\/v2\/pages\/3427\/revisions"}],"up":[{"embeddable":true,"href":"https:\/\/backupbrasil.com.br\/index.php\/wp-json\/wp\/v2\/pages\/3601"}],"wp:attachment":[{"href":"https:\/\/backupbrasil.com.br\/index.php\/wp-json\/wp\/v2\/media?parent=3427"}],"curies":[{"name":"wp","href":"https:\/\/api.w.org\/{rel}","templated":true}]}}