{"id":4060,"date":"2026-02-19T17:37:06","date_gmt":"2026-02-19T17:37:06","guid":{"rendered":"https:\/\/backupbrasil.com.br\/?page_id=4060"},"modified":"2026-02-19T17:41:20","modified_gmt":"2026-02-19T17:41:20","slug":"bi-contador","status":"publish","type":"page","link":"https:\/\/backupbrasil.com.br\/index.php\/bi-contador\/","title":{"rendered":"BI Contador"},"content":{"rendered":"\t\t<div data-elementor-type=\"wp-page\" data-elementor-id=\"4060\" class=\"elementor elementor-4060\" data-elementor-post-type=\"page\">\n\t\t\t\t<div class=\"elementor-element elementor-element-bfdaa19 e-con-full e-flex e-con e-parent\" data-id=\"bfdaa19\" data-element_type=\"container\" data-e-type=\"container\" data-settings=\"{&quot;background_background&quot;:&quot;classic&quot;,&quot;shape_divider_bottom&quot;:&quot;mountains&quot;}\">\n\t\t\t\t<div class=\"elementor-shape elementor-shape-bottom\" aria-hidden=\"true\" data-negative=\"false\">\n\t\t\t<svg xmlns=\"http:\/\/www.w3.org\/2000\/svg\" viewBox=\"0 0 1000 100\" preserveAspectRatio=\"none\">\n\t<path class=\"elementor-shape-fill\" opacity=\"0.33\" d=\"M473,67.3c-203.9,88.3-263.1-34-320.3,0C66,119.1,0,59.7,0,59.7V0h1000v59.7 c0,0-62.1,26.1-94.9,29.3c-32.8,3.3-62.8-12.3-75.8-22.1C806,49.6,745.3,8.7,694.9,4.7S492.4,59,473,67.3z\"\/>\n\t<path class=\"elementor-shape-fill\" opacity=\"0.66\" d=\"M734,67.3c-45.5,0-77.2-23.2-129.1-39.1c-28.6-8.7-150.3-10.1-254,39.1 s-91.7-34.4-149.2,0C115.7,118.3,0,39.8,0,39.8V0h1000v36.5c0,0-28.2-18.5-92.1-18.5C810.2,18.1,775.7,67.3,734,67.3z\"\/>\n\t<path class=\"elementor-shape-fill\" d=\"M766.1,28.9c-200-57.5-266,65.5-395.1,19.5C242,1.8,242,5.4,184.8,20.6C128,35.8,132.3,44.9,89.9,52.5C28.6,63.7,0,0,0,0 h1000c0,0-9.9,40.9-83.6,48.1S829.6,47,766.1,28.9z\"\/>\n<\/svg>\t\t<\/div>\n\t\t\t\t<div class=\"elementor-element elementor-element-c5ea7e3 elementor-widget__width-initial elementor-invisible elementor-widget elementor-widget-heading\" data-id=\"c5ea7e3\" data-element_type=\"widget\" data-e-type=\"widget\" data-settings=\"{&quot;_animation&quot;:&quot;fadeIn&quot;}\" data-widget_type=\"heading.default\">\n\t\t\t\t\t<h2 class=\"elementor-heading-title elementor-size-default\">BI - Contador<\/h2>\t\t\t\t<\/div>\n\t\t\t\t<div class=\"elementor-element elementor-element-81404cf elementor-widget__width-initial elementor-invisible elementor-widget elementor-widget-text-editor\" data-id=\"81404cf\" data-element_type=\"widget\" data-e-type=\"widget\" data-settings=\"{&quot;_animation&quot;:&quot;fadeIn&quot;}\" data-widget_type=\"text-editor.default\">\n\t\t\t\t\t\t\t\t\t<p>Identifique os clientes mais lucrativos e tome decis\u00f5es com intelig\u00eancia<\/p>\t\t\t\t\t\t\t\t<\/div>\n\t\t\t\t<\/div>\n\t\t<div class=\"elementor-element elementor-element-b33520a e-flex e-con-boxed e-con e-parent\" data-id=\"b33520a\" data-element_type=\"container\" data-e-type=\"container\">\n\t\t\t\t\t<div class=\"e-con-inner\">\n\t\t<div class=\"elementor-element elementor-element-1f940c9 e-con-full e-flex e-con e-child\" data-id=\"1f940c9\" data-element_type=\"container\" data-e-type=\"container\" data-settings=\"{&quot;background_background&quot;:&quot;classic&quot;}\">\n\t\t\t\t<\/div>\n\t\t<div class=\"elementor-element elementor-element-7c0b766 e-con-full e-flex e-con e-child\" data-id=\"7c0b766\" data-element_type=\"container\" data-e-type=\"container\">\n\t\t<div class=\"elementor-element elementor-element-9489bfb e-con-full e-flex e-con e-child\" data-id=\"9489bfb\" data-element_type=\"container\" data-e-type=\"container\">\n\t\t\t\t<div class=\"elementor-element elementor-element-97cd110 elementor-widget elementor-widget-text-editor\" data-id=\"97cd110\" data-element_type=\"widget\" data-e-type=\"widget\" data-widget_type=\"text-editor.default\">\n\t\t\t\t\t\t\t\t\t<h4 data-start=\"0\" data-end=\"51\">\ud83d\udcca Intelig\u00eancia de Rentabilidade \u2014 Backup Brasil<\/h4><p data-start=\"53\" data-end=\"354\">Identifique com precis\u00e3o quais clientes geram maior retorno para o seu escrit\u00f3rio com o painel estrat\u00e9gico da <strong data-start=\"163\" data-end=\"204\"><span class=\"hover:entity-accent entity-underline inline cursor-pointer align-baseline\"><span class=\"whitespace-normal\">Backup Brasil<\/span><\/span><\/strong>. Acompanhe indicadores essenciais, descubra oportunidades de melhoria e tome decis\u00f5es baseadas em dados para otimizar custos e impulsionar a receita<\/p>\t\t\t\t\t\t\t\t<\/div>\n\t\t\t\t<\/div>\n\t\t<div class=\"elementor-element elementor-element-185a460 e-con-full e-flex e-con e-child\" data-id=\"185a460\" data-element_type=\"container\" data-e-type=\"container\">\n\t\t\t\t<div class=\"elementor-element elementor-element-053c81e elementor-widget elementor-widget-text-editor\" data-id=\"053c81e\" data-element_type=\"widget\" data-e-type=\"widget\" data-widget_type=\"text-editor.default\">\n\t\t\t\t\t\t\t\t\t<h4 data-start=\"356\" data-end=\"401\">\ud83d\udcc8 \u00cdndice de Concentra\u00e7\u00e3o de Mensalidades<\/h4><ul data-start=\"402\" data-end=\"564\"><li data-start=\"402\" data-end=\"475\"><p data-start=\"404\" data-end=\"475\">Visualiza\u00e7\u00e3o consolidada dos clientes por receita gerada ao escrit\u00f3rio;<\/p><\/li><li data-start=\"476\" data-end=\"564\"><p data-start=\"478\" data-end=\"564\">Classifica\u00e7\u00e3o das maiores receitas com an\u00e1lise do n\u00edvel de concentra\u00e7\u00e3o em percentual.<\/p><\/li><\/ul>\t\t\t\t\t\t\t\t<\/div>\n\t\t\t\t<\/div>\n\t\t<div class=\"elementor-element elementor-element-20f5a1e e-con-full e-flex e-con e-child\" data-id=\"20f5a1e\" data-element_type=\"container\" data-e-type=\"container\">\n\t\t\t\t<div class=\"elementor-element elementor-element-0f0493b elementor-widget elementor-widget-text-editor\" data-id=\"0f0493b\" data-element_type=\"widget\" data-e-type=\"widget\" data-widget_type=\"text-editor.default\">\n\t\t\t\t\t\t\t\t\t<h4 data-start=\"566\" data-end=\"617\">\ud83d\udcca An\u00e1lises e Indicadores Estrat\u00e9gicos (Top 10)<\/h4><ul data-start=\"618\" data-end=\"955\"><li data-start=\"618\" data-end=\"683\"><p data-start=\"620\" data-end=\"683\">Empresas com menor e maior valor pago pelos servi\u00e7os prestados;<\/p><\/li><li data-start=\"684\" data-end=\"740\"><p data-start=\"686\" data-end=\"740\">Valor m\u00e9dio por funcion\u00e1rio ativo \u2014 menores e maiores;<\/p><\/li><li data-start=\"741\" data-end=\"789\"><p data-start=\"743\" data-end=\"789\">Valor m\u00e9dio por admiss\u00f5es \u2014 menores e maiores;<\/p><\/li><li data-start=\"790\" data-end=\"838\"><p data-start=\"792\" data-end=\"838\">Valor m\u00e9dio por demiss\u00f5es \u2014 menores e maiores;<\/p><\/li><li data-start=\"839\" data-end=\"909\"><p data-start=\"841\" data-end=\"909\">Valor m\u00e9dio por lan\u00e7amentos cont\u00e1beis e fiscais \u2014 menores e maiores;<\/p><\/li><li data-start=\"910\" data-end=\"955\"><p data-start=\"912\" data-end=\"955\">Ranking dos clientes com maior faturamento.<\/p><\/li><\/ul>\t\t\t\t\t\t\t\t<\/div>\n\t\t\t\t<\/div>\n\t\t<div class=\"elementor-element elementor-element-b5bcb1d e-con-full e-flex e-con e-child\" data-id=\"b5bcb1d\" data-element_type=\"container\" data-e-type=\"container\">\n\t\t\t\t<div class=\"elementor-element elementor-element-3ab0b5d elementor-widget elementor-widget-text-editor\" data-id=\"3ab0b5d\" data-element_type=\"widget\" data-e-type=\"widget\" data-widget_type=\"text-editor.default\">\n\t\t\t\t\t\t\t\t\t<h4 data-start=\"1038\" data-end=\"1078\">\u2705 Benef\u00edcios para Contabilidade e RH<\/h4><ul data-start=\"1079\" data-end=\"1353\"><li data-start=\"1079\" data-end=\"1156\"><p data-start=\"1081\" data-end=\"1156\">Revis\u00e3o estrat\u00e9gica de contratos para aumento de honor\u00e1rios e ticket m\u00e9dio;<\/p><\/li><li data-start=\"1157\" data-end=\"1225\"><p data-start=\"1159\" data-end=\"1225\">Identifica\u00e7\u00e3o de clientes com desvio negativo em rela\u00e7\u00e3o \u00e0s metas;<\/p><\/li><li data-start=\"1226\" data-end=\"1286\"><p data-start=\"1228\" data-end=\"1286\">Fortalecimento da fideliza\u00e7\u00e3o dos clientes mais rent\u00e1veis;<\/p><\/li><li data-start=\"1287\" data-end=\"1353\"><p data-start=\"1289\" data-end=\"1353\">Mais efici\u00eancia operacional com equipes engajadas e valorizadas.<\/p><\/li><\/ul>\t\t\t\t\t\t\t\t<\/div>\n\t\t\t\t<\/div>\n\t\t\t\t<\/div>\n\t\t\t\t\t<\/div>\n\t\t\t\t<\/div>\n\t\t\t\t<\/div>\n\t\t","protected":false},"excerpt":{"rendered":"<p>BI &#8211; Contador Identifique os clientes mais lucrativos e tome decis\u00f5es com intelig\u00eancia \ud83d\udcca Intelig\u00eancia de Rentabilidade \u2014 Backup Brasil Identifique com precis\u00e3o quais clientes geram maior retorno para o seu escrit\u00f3rio com o painel estrat\u00e9gico da Backup Brasil. Acompanhe indicadores essenciais, descubra oportunidades de melhoria e tome decis\u00f5es baseadas em dados para otimizar custos [&hellip;]<\/p>\n","protected":false},"author":1,"featured_media":0,"parent":0,"menu_order":0,"comment_status":"closed","ping_status":"closed","template":"","meta":{"_joinchat":[],"footnotes":""},"class_list":["post-4060","page","type-page","status-publish","hentry"],"_links":{"self":[{"href":"https:\/\/backupbrasil.com.br\/index.php\/wp-json\/wp\/v2\/pages\/4060","targetHints":{"allow":["GET"]}}],"collection":[{"href":"https:\/\/backupbrasil.com.br\/index.php\/wp-json\/wp\/v2\/pages"}],"about":[{"href":"https:\/\/backupbrasil.com.br\/index.php\/wp-json\/wp\/v2\/types\/page"}],"author":[{"embeddable":true,"href":"https:\/\/backupbrasil.com.br\/index.php\/wp-json\/wp\/v2\/users\/1"}],"replies":[{"embeddable":true,"href":"https:\/\/backupbrasil.com.br\/index.php\/wp-json\/wp\/v2\/comments?post=4060"}],"version-history":[{"count":4,"href":"https:\/\/backupbrasil.com.br\/index.php\/wp-json\/wp\/v2\/pages\/4060\/revisions"}],"predecessor-version":[{"id":4066,"href":"https:\/\/backupbrasil.com.br\/index.php\/wp-json\/wp\/v2\/pages\/4060\/revisions\/4066"}],"wp:attachment":[{"href":"https:\/\/backupbrasil.com.br\/index.php\/wp-json\/wp\/v2\/media?parent=4060"}],"curies":[{"name":"wp","href":"https:\/\/api.w.org\/{rel}","templated":true}]}}