{"id":4068,"date":"2026-02-19T18:11:49","date_gmt":"2026-02-19T18:11:49","guid":{"rendered":"https:\/\/backupbrasil.com.br\/?page_id=4068"},"modified":"2026-02-19T18:17:55","modified_gmt":"2026-02-19T18:17:55","slug":"escrita-fiscal","status":"publish","type":"page","link":"https:\/\/backupbrasil.com.br\/index.php\/escrita-fiscal\/","title":{"rendered":"Escrita Fiscal"},"content":{"rendered":"\t\t<div data-elementor-type=\"wp-page\" data-elementor-id=\"4068\" class=\"elementor elementor-4068\" data-elementor-post-type=\"page\">\n\t\t\t\t<div class=\"elementor-element elementor-element-476e043 e-con-full e-flex e-con e-parent\" data-id=\"476e043\" data-element_type=\"container\" data-e-type=\"container\" data-settings=\"{&quot;background_background&quot;:&quot;classic&quot;,&quot;shape_divider_bottom&quot;:&quot;mountains&quot;}\">\n\t\t\t\t<div class=\"elementor-shape elementor-shape-bottom\" aria-hidden=\"true\" data-negative=\"false\">\n\t\t\t<svg xmlns=\"http:\/\/www.w3.org\/2000\/svg\" viewBox=\"0 0 1000 100\" preserveAspectRatio=\"none\">\n\t<path class=\"elementor-shape-fill\" opacity=\"0.33\" d=\"M473,67.3c-203.9,88.3-263.1-34-320.3,0C66,119.1,0,59.7,0,59.7V0h1000v59.7 c0,0-62.1,26.1-94.9,29.3c-32.8,3.3-62.8-12.3-75.8-22.1C806,49.6,745.3,8.7,694.9,4.7S492.4,59,473,67.3z\"\/>\n\t<path class=\"elementor-shape-fill\" opacity=\"0.66\" d=\"M734,67.3c-45.5,0-77.2-23.2-129.1-39.1c-28.6-8.7-150.3-10.1-254,39.1 s-91.7-34.4-149.2,0C115.7,118.3,0,39.8,0,39.8V0h1000v36.5c0,0-28.2-18.5-92.1-18.5C810.2,18.1,775.7,67.3,734,67.3z\"\/>\n\t<path class=\"elementor-shape-fill\" d=\"M766.1,28.9c-200-57.5-266,65.5-395.1,19.5C242,1.8,242,5.4,184.8,20.6C128,35.8,132.3,44.9,89.9,52.5C28.6,63.7,0,0,0,0 h1000c0,0-9.9,40.9-83.6,48.1S829.6,47,766.1,28.9z\"\/>\n<\/svg>\t\t<\/div>\n\t\t\t\t<div class=\"elementor-element elementor-element-48b339e elementor-widget__width-initial elementor-invisible elementor-widget elementor-widget-heading\" data-id=\"48b339e\" data-element_type=\"widget\" data-e-type=\"widget\" data-settings=\"{&quot;_animation&quot;:&quot;fadeIn&quot;}\" data-widget_type=\"heading.default\">\n\t\t\t\t\t<h2 class=\"elementor-heading-title elementor-size-default\">Escrita Fiscal<\/h2>\t\t\t\t<\/div>\n\t\t\t\t<div class=\"elementor-element elementor-element-1ead4ec elementor-widget__width-initial elementor-invisible elementor-widget elementor-widget-text-editor\" data-id=\"1ead4ec\" data-element_type=\"widget\" data-e-type=\"widget\" data-settings=\"{&quot;_animation&quot;:&quot;fadeIn&quot;}\" data-widget_type=\"text-editor.default\">\n\t\t\t\t\t\t\t\t\t<p data-start=\"17\" data-end=\"149\"><strong data-start=\"17\" data-end=\"149\">Sistemas Cont\u00e1beis Integrados da <span class=\"hover:entity-accent entity-underline inline cursor-pointer align-baseline\"><span class=\"whitespace-normal\">Backup Brasil<\/span><\/span> \u2014 Mais controle, precis\u00e3o e efici\u00eancia para o seu neg\u00f3cio<\/strong><\/p><h2 data-start=\"151\" data-end=\"168\">\u00a0<\/h2>\t\t\t\t\t\t\t\t<\/div>\n\t\t\t\t<\/div>\n\t\t<div class=\"elementor-element elementor-element-e5fe716 e-flex e-con-boxed e-con e-parent\" data-id=\"e5fe716\" data-element_type=\"container\" data-e-type=\"container\">\n\t\t\t\t\t<div class=\"e-con-inner\">\n\t\t<div class=\"elementor-element elementor-element-e7a9a29 e-con-full e-flex e-con e-child\" data-id=\"e7a9a29\" data-element_type=\"container\" data-e-type=\"container\">\n\t\t\t\t<div class=\"elementor-element elementor-element-fab22af elementor-widget elementor-widget-text-editor\" data-id=\"fab22af\" data-element_type=\"widget\" data-e-type=\"widget\" data-widget_type=\"text-editor.default\">\n\t\t\t\t\t\t\t\t\t<p><a href=\"https:\/\/backupbrasil.com.br\/\"><img decoding=\"async\" class=\"alignnone size-medium wp-image-16\" src=\"https:\/\/backupbrasil.com.br\/wp-content\/uploads\/2019\/10\/logo_backup-site-imagem-do-cabe\u00e7alho-300x96.png\" alt=\"logo_backup-site-imagem-do-cabe\u00e7alho\" width=\"300\" height=\"96\" srcset=\"https:\/\/backupbrasil.com.br\/wp-content\/uploads\/2019\/10\/logo_backup-site-imagem-do-cabe\u00e7alho-300x96.png 300w, https:\/\/backupbrasil.com.br\/wp-content\/uploads\/2019\/10\/logo_backup-site-imagem-do-cabe\u00e7alho-768x246.png 768w, https:\/\/backupbrasil.com.br\/wp-content\/uploads\/2019\/10\/logo_backup-site-imagem-do-cabe\u00e7alho-1024x329.png 1024w\" sizes=\"(max-width: 300px) 100vw, 300px\" \/><\/a><\/p><p>\u00a0<\/p><p>Com as solu\u00e7\u00f5es cont\u00e1beis da Backup Brasil, seu escrit\u00f3rio ou empresa conta com uma plataforma completa e integrada para automatizar rotinas, garantir conformidade fiscal e tomar decis\u00f5es estrat\u00e9gicas com seguran\u00e7a. Simplifique processos, aumente a produtividade e tenha informa\u00e7\u00f5es confi\u00e1veis em tempo real para impulsionar resultados.<\/p>\t\t\t\t\t\t\t\t<\/div>\n\t\t\t\t<\/div>\n\t\t<div class=\"elementor-element elementor-element-810b0af e-con-full e-flex e-con e-child\" data-id=\"810b0af\" data-element_type=\"container\" data-e-type=\"container\">\n\t\t\t\t<div class=\"elementor-element elementor-element-1390267 elementor-widget elementor-widget-text-editor\" data-id=\"1390267\" data-element_type=\"widget\" data-e-type=\"widget\" data-widget_type=\"text-editor.default\">\n\t\t\t\t\t\t\t\t\t<h4 data-start=\"512\" data-end=\"538\">\ud83d\udcca Solu\u00e7\u00f5es Dispon\u00edveis<\/h4><ul data-start=\"539\" data-end=\"734\"><li data-start=\"539\" data-end=\"561\"><p data-start=\"541\" data-end=\"561\">Folha de Pagamento<\/p><\/li><li data-start=\"562\" data-end=\"580\"><p data-start=\"564\" data-end=\"580\">Escrita Fiscal<\/p><\/li><li data-start=\"581\" data-end=\"598\"><p data-start=\"583\" data-end=\"598\">Contabilidade<\/p><\/li><li data-start=\"599\" data-end=\"610\"><p data-start=\"601\" data-end=\"610\">eSocial<\/p><\/li><li data-start=\"611\" data-end=\"618\"><p data-start=\"613\" data-end=\"618\">CRM<\/p><\/li><li data-start=\"619\" data-end=\"644\"><p data-start=\"621\" data-end=\"644\">Espa\u00e7o do Colaborador<\/p><\/li><li data-start=\"645\" data-end=\"675\"><p data-start=\"647\" data-end=\"675\">Automatizador de Processos<\/p><\/li><li data-start=\"676\" data-end=\"691\"><p data-start=\"678\" data-end=\"691\">BI Cont\u00e1bil<\/p><\/li><li data-start=\"692\" data-end=\"710\"><p data-start=\"694\" data-end=\"710\">BI do Contador<\/p><\/li><li data-start=\"711\" data-end=\"726\"><p data-start=\"713\" data-end=\"726\">BI de Folha<\/p><\/li><li data-start=\"727\" data-end=\"734\"><p data-start=\"729\" data-end=\"734\">CND<\/p><\/li><\/ul>\t\t\t\t\t\t\t\t<\/div>\n\t\t\t\t<\/div>\n\t\t\t\t\t<\/div>\n\t\t\t\t<\/div>\n\t\t\t\t<\/div>\n\t\t","protected":false},"excerpt":{"rendered":"<p>Escrita Fiscal Sistemas Cont\u00e1beis Integrados da Backup Brasil \u2014 Mais controle, precis\u00e3o e efici\u00eancia para o seu neg\u00f3cio \u00a0 \u00a0 Com as solu\u00e7\u00f5es cont\u00e1beis da Backup Brasil, seu escrit\u00f3rio ou empresa conta com uma plataforma completa e integrada para automatizar rotinas, garantir conformidade fiscal e tomar decis\u00f5es estrat\u00e9gicas com seguran\u00e7a. Simplifique processos, aumente a produtividade [&hellip;]<\/p>\n","protected":false},"author":1,"featured_media":0,"parent":0,"menu_order":0,"comment_status":"closed","ping_status":"closed","template":"","meta":{"_joinchat":[],"footnotes":""},"class_list":["post-4068","page","type-page","status-publish","hentry"],"_links":{"self":[{"href":"https:\/\/backupbrasil.com.br\/index.php\/wp-json\/wp\/v2\/pages\/4068","targetHints":{"allow":["GET"]}}],"collection":[{"href":"https:\/\/backupbrasil.com.br\/index.php\/wp-json\/wp\/v2\/pages"}],"about":[{"href":"https:\/\/backupbrasil.com.br\/index.php\/wp-json\/wp\/v2\/types\/page"}],"author":[{"embeddable":true,"href":"https:\/\/backupbrasil.com.br\/index.php\/wp-json\/wp\/v2\/users\/1"}],"replies":[{"embeddable":true,"href":"https:\/\/backupbrasil.com.br\/index.php\/wp-json\/wp\/v2\/comments?post=4068"}],"version-history":[{"count":12,"href":"https:\/\/backupbrasil.com.br\/index.php\/wp-json\/wp\/v2\/pages\/4068\/revisions"}],"predecessor-version":[{"id":4082,"href":"https:\/\/backupbrasil.com.br\/index.php\/wp-json\/wp\/v2\/pages\/4068\/revisions\/4082"}],"wp:attachment":[{"href":"https:\/\/backupbrasil.com.br\/index.php\/wp-json\/wp\/v2\/media?parent=4068"}],"curies":[{"name":"wp","href":"https:\/\/api.w.org\/{rel}","templated":true}]}}