{"id":4083,"date":"2026-02-19T18:19:11","date_gmt":"2026-02-19T18:19:11","guid":{"rendered":"https:\/\/backupbrasil.com.br\/?page_id=4083"},"modified":"2026-02-19T18:36:06","modified_gmt":"2026-02-19T18:36:06","slug":"esocial","status":"publish","type":"page","link":"https:\/\/backupbrasil.com.br\/index.php\/esocial\/","title":{"rendered":"eSocial"},"content":{"rendered":"\t\t<div data-elementor-type=\"wp-page\" data-elementor-id=\"4083\" class=\"elementor elementor-4083\" data-elementor-post-type=\"page\">\n\t\t\t\t<div class=\"elementor-element elementor-element-d84d02d e-con-full e-flex e-con e-parent\" data-id=\"d84d02d\" data-element_type=\"container\" data-e-type=\"container\" data-settings=\"{&quot;background_background&quot;:&quot;classic&quot;,&quot;shape_divider_bottom&quot;:&quot;mountains&quot;}\">\n\t\t\t\t<div class=\"elementor-shape elementor-shape-bottom\" aria-hidden=\"true\" data-negative=\"false\">\n\t\t\t<svg xmlns=\"http:\/\/www.w3.org\/2000\/svg\" viewBox=\"0 0 1000 100\" preserveAspectRatio=\"none\">\n\t<path class=\"elementor-shape-fill\" opacity=\"0.33\" d=\"M473,67.3c-203.9,88.3-263.1-34-320.3,0C66,119.1,0,59.7,0,59.7V0h1000v59.7 c0,0-62.1,26.1-94.9,29.3c-32.8,3.3-62.8-12.3-75.8-22.1C806,49.6,745.3,8.7,694.9,4.7S492.4,59,473,67.3z\"\/>\n\t<path class=\"elementor-shape-fill\" opacity=\"0.66\" d=\"M734,67.3c-45.5,0-77.2-23.2-129.1-39.1c-28.6-8.7-150.3-10.1-254,39.1 s-91.7-34.4-149.2,0C115.7,118.3,0,39.8,0,39.8V0h1000v36.5c0,0-28.2-18.5-92.1-18.5C810.2,18.1,775.7,67.3,734,67.3z\"\/>\n\t<path class=\"elementor-shape-fill\" d=\"M766.1,28.9c-200-57.5-266,65.5-395.1,19.5C242,1.8,242,5.4,184.8,20.6C128,35.8,132.3,44.9,89.9,52.5C28.6,63.7,0,0,0,0 h1000c0,0-9.9,40.9-83.6,48.1S829.6,47,766.1,28.9z\"\/>\n<\/svg>\t\t<\/div>\n\t\t\t\t<div class=\"elementor-element elementor-element-a093d69 elementor-widget__width-initial elementor-invisible elementor-widget elementor-widget-heading\" data-id=\"a093d69\" data-element_type=\"widget\" data-e-type=\"widget\" data-settings=\"{&quot;_animation&quot;:&quot;fadeIn&quot;}\" data-widget_type=\"heading.default\">\n\t\t\t\t\t<h2 class=\"elementor-heading-title elementor-size-default\">eSocial<\/h2>\t\t\t\t<\/div>\n\t\t\t\t<div class=\"elementor-element elementor-element-6c5f3b3 elementor-widget__width-initial elementor-invisible elementor-widget elementor-widget-text-editor\" data-id=\"6c5f3b3\" data-element_type=\"widget\" data-e-type=\"widget\" data-settings=\"{&quot;_animation&quot;:&quot;fadeIn&quot;}\" data-widget_type=\"text-editor.default\">\n\t\t\t\t\t\t\t\t\t<p data-start=\"17\" data-end=\"149\">O m\u00f3dulo eSocial da Backup Brasil foi desenvolvido para simplificar o envio e a gest\u00e3o das obriga\u00e7\u00f5es trabalhistas, previdenci\u00e1rias e fiscais, garantindo mais controle, seguran\u00e7a e agilidade nas rotinas do seu escrit\u00f3rio ou empresa. Com processos automatizados e interfaces intuitivas, voc\u00ea reduz erros, ganha produtividade e mant\u00e9m total conformidade com a legisla\u00e7\u00e3o.<\/p><h2 data-start=\"151\" data-end=\"168\">\u00a0<\/h2>\t\t\t\t\t\t\t\t<\/div>\n\t\t\t\t<\/div>\n\t\t<div class=\"elementor-element elementor-element-64f5d9a e-flex e-con-boxed e-con e-parent\" data-id=\"64f5d9a\" data-element_type=\"container\" data-e-type=\"container\">\n\t\t\t\t\t<div class=\"e-con-inner\">\n\t\t<div class=\"elementor-element elementor-element-f31a585 e-con-full e-flex e-con e-child\" data-id=\"f31a585\" data-element_type=\"container\" data-e-type=\"container\" data-settings=\"{&quot;background_background&quot;:&quot;classic&quot;}\">\n\t\t\t\t<\/div>\n\t\t<div class=\"elementor-element elementor-element-8ff9f5f e-con-full e-flex e-con e-child\" data-id=\"8ff9f5f\" data-element_type=\"container\" data-e-type=\"container\">\n\t\t\t\t<div class=\"elementor-element elementor-element-5267225 elementor-widget elementor-widget-text-editor\" data-id=\"5267225\" data-element_type=\"widget\" data-e-type=\"widget\" data-widget_type=\"text-editor.default\">\n\t\t\t\t\t\t\t\t\t<h4>eSocial<\/h4><p>\u00a0<\/p><ul><li data-start=\"535\" data-end=\"591\"><p data-start=\"537\" data-end=\"591\">Confer\u00eancia de rubricas simplificada e mais precisa;<\/p><\/li><li data-start=\"592\" data-end=\"683\"><p data-start=\"594\" data-end=\"683\">Telas do eSocial com procedimentos de altera\u00e7\u00e3o e exclus\u00e3o de forma pr\u00e1tica e din\u00e2mica;<\/p><\/li><li data-start=\"684\" data-end=\"753\"><p data-start=\"686\" data-end=\"753\">Relat\u00f3rio de envio de eventos para melhor controle e organiza\u00e7\u00e3o;<\/p><\/li><li data-start=\"754\" data-end=\"827\"><p data-start=\"756\" data-end=\"827\">Transmiss\u00e3o autom\u00e1tica da DCTFWeb para maior agilidade nos processos;<\/p><\/li><li data-start=\"828\" data-end=\"878\"><p data-start=\"830\" data-end=\"878\">Captura autom\u00e1tica das informa\u00e7\u00f5es da DCTFWeb;<\/p><\/li><li data-start=\"879\" data-end=\"954\"><p data-start=\"881\" data-end=\"954\">Transmiss\u00e3o em lote de eventos para m\u00faltiplos clientes simultaneamente;<\/p><\/li><li data-start=\"955\" data-end=\"1039\"><p data-start=\"957\" data-end=\"1039\">Exibi\u00e7\u00e3o clara da descri\u00e7\u00e3o de erros na tela de exporta\u00e7\u00e3o para r\u00e1pida corre\u00e7\u00e3o;<\/p><\/li><li data-start=\"1040\" data-end=\"1115\"><p data-start=\"1042\" data-end=\"1115\">Requisi\u00e7\u00e3o autom\u00e1tica de arquivos XML do eSocial via Certificado Digital.<\/p><\/li><\/ul>\t\t\t\t\t\t\t\t<\/div>\n\t\t\t\t<\/div>\n\t\t\t\t\t<\/div>\n\t\t\t\t<\/div>\n\t\t\t\t<\/div>\n\t\t","protected":false},"excerpt":{"rendered":"<p>eSocial O m\u00f3dulo eSocial da Backup Brasil foi desenvolvido para simplificar o envio e a gest\u00e3o das obriga\u00e7\u00f5es trabalhistas, previdenci\u00e1rias e fiscais, garantindo mais controle, seguran\u00e7a e agilidade nas rotinas do seu escrit\u00f3rio ou empresa. Com processos automatizados e interfaces intuitivas, voc\u00ea reduz erros, ganha produtividade e mant\u00e9m total conformidade com a legisla\u00e7\u00e3o. \u00a0 eSocial [&hellip;]<\/p>\n","protected":false},"author":1,"featured_media":0,"parent":0,"menu_order":0,"comment_status":"closed","ping_status":"closed","template":"","meta":{"_joinchat":[],"footnotes":""},"class_list":["post-4083","page","type-page","status-publish","hentry"],"_links":{"self":[{"href":"https:\/\/backupbrasil.com.br\/index.php\/wp-json\/wp\/v2\/pages\/4083","targetHints":{"allow":["GET"]}}],"collection":[{"href":"https:\/\/backupbrasil.com.br\/index.php\/wp-json\/wp\/v2\/pages"}],"about":[{"href":"https:\/\/backupbrasil.com.br\/index.php\/wp-json\/wp\/v2\/types\/page"}],"author":[{"embeddable":true,"href":"https:\/\/backupbrasil.com.br\/index.php\/wp-json\/wp\/v2\/users\/1"}],"replies":[{"embeddable":true,"href":"https:\/\/backupbrasil.com.br\/index.php\/wp-json\/wp\/v2\/comments?post=4083"}],"version-history":[{"count":16,"href":"https:\/\/backupbrasil.com.br\/index.php\/wp-json\/wp\/v2\/pages\/4083\/revisions"}],"predecessor-version":[{"id":4103,"href":"https:\/\/backupbrasil.com.br\/index.php\/wp-json\/wp\/v2\/pages\/4083\/revisions\/4103"}],"wp:attachment":[{"href":"https:\/\/backupbrasil.com.br\/index.php\/wp-json\/wp\/v2\/media?parent=4083"}],"curies":[{"name":"wp","href":"https:\/\/api.w.org\/{rel}","templated":true}]}}