{"id":4099,"date":"2026-02-19T18:37:10","date_gmt":"2026-02-19T18:37:10","guid":{"rendered":"https:\/\/backupbrasil.com.br\/?page_id=4099"},"modified":"2026-02-19T18:46:32","modified_gmt":"2026-02-19T18:46:32","slug":"bi-folha","status":"publish","type":"page","link":"https:\/\/backupbrasil.com.br\/index.php\/bi-folha\/","title":{"rendered":"Bi Folha"},"content":{"rendered":"\t\t<div data-elementor-type=\"wp-page\" data-elementor-id=\"4099\" class=\"elementor elementor-4099\" data-elementor-post-type=\"page\">\n\t\t\t\t<div class=\"elementor-element elementor-element-0d1bbfb e-con-full e-flex e-con e-parent\" data-id=\"0d1bbfb\" data-element_type=\"container\" data-e-type=\"container\" data-settings=\"{&quot;background_background&quot;:&quot;classic&quot;,&quot;shape_divider_bottom&quot;:&quot;mountains&quot;}\">\n\t\t\t\t<div class=\"elementor-shape elementor-shape-bottom\" aria-hidden=\"true\" data-negative=\"false\">\n\t\t\t<svg xmlns=\"http:\/\/www.w3.org\/2000\/svg\" viewBox=\"0 0 1000 100\" preserveAspectRatio=\"none\">\n\t<path class=\"elementor-shape-fill\" opacity=\"0.33\" d=\"M473,67.3c-203.9,88.3-263.1-34-320.3,0C66,119.1,0,59.7,0,59.7V0h1000v59.7 c0,0-62.1,26.1-94.9,29.3c-32.8,3.3-62.8-12.3-75.8-22.1C806,49.6,745.3,8.7,694.9,4.7S492.4,59,473,67.3z\"\/>\n\t<path class=\"elementor-shape-fill\" opacity=\"0.66\" d=\"M734,67.3c-45.5,0-77.2-23.2-129.1-39.1c-28.6-8.7-150.3-10.1-254,39.1 s-91.7-34.4-149.2,0C115.7,118.3,0,39.8,0,39.8V0h1000v36.5c0,0-28.2-18.5-92.1-18.5C810.2,18.1,775.7,67.3,734,67.3z\"\/>\n\t<path class=\"elementor-shape-fill\" d=\"M766.1,28.9c-200-57.5-266,65.5-395.1,19.5C242,1.8,242,5.4,184.8,20.6C128,35.8,132.3,44.9,89.9,52.5C28.6,63.7,0,0,0,0 h1000c0,0-9.9,40.9-83.6,48.1S829.6,47,766.1,28.9z\"\/>\n<\/svg>\t\t<\/div>\n\t\t\t\t<div class=\"elementor-element elementor-element-c045ac5 elementor-widget__width-initial elementor-invisible elementor-widget elementor-widget-heading\" data-id=\"c045ac5\" data-element_type=\"widget\" data-e-type=\"widget\" data-settings=\"{&quot;_animation&quot;:&quot;fadeIn&quot;}\" data-widget_type=\"heading.default\">\n\t\t\t\t\t<h2 class=\"elementor-heading-title elementor-size-default\">BI Folha da Backup Brasil<\/h2>\t\t\t\t<\/div>\n\t\t\t\t<div class=\"elementor-element elementor-element-a093882 elementor-widget__width-initial elementor-invisible elementor-widget elementor-widget-text-editor\" data-id=\"a093882\" data-element_type=\"widget\" data-e-type=\"widget\" data-settings=\"{&quot;_animation&quot;:&quot;fadeIn&quot;}\" data-widget_type=\"text-editor.default\">\n\t\t\t\t\t\t\t\t\t<p data-start=\"17\" data-end=\"149\">O BI Folha \u00e9 uma solu\u00e7\u00e3o 100% web e totalmente integrada ao sistema de Folha de Pagamento, oferecendo dashboards din\u00e2micos, gr\u00e1ficos intuitivos e indicadores essenciais para acompanhar a performance do RH e os custos trabalhistas em tempo real. Com informa\u00e7\u00f5es organizadas e de f\u00e1cil visualiza\u00e7\u00e3o, sua empresa ganha mais controle, agilidade e suporte para decis\u00f5es estrat\u00e9gicas.<\/p>\t\t\t\t\t\t\t\t<\/div>\n\t\t\t\t<\/div>\n\t\t<div class=\"elementor-element elementor-element-e8005b6 e-flex e-con-boxed e-con e-parent\" data-id=\"e8005b6\" data-element_type=\"container\" data-e-type=\"container\">\n\t\t\t\t\t<div class=\"e-con-inner\">\n\t\t<div class=\"elementor-element elementor-element-aa1a0b3 e-con-full e-flex e-con e-child\" data-id=\"aa1a0b3\" data-element_type=\"container\" data-e-type=\"container\" data-settings=\"{&quot;background_background&quot;:&quot;classic&quot;}\">\n\t\t\t\t<\/div>\n\t\t<div class=\"elementor-element elementor-element-ad722fc e-con-full e-flex e-con e-child\" data-id=\"ad722fc\" data-element_type=\"container\" data-e-type=\"container\">\n\t\t<div class=\"elementor-element elementor-element-a5214db e-con-full e-flex e-con e-child\" data-id=\"a5214db\" data-element_type=\"container\" data-e-type=\"container\">\n\t\t\t\t<div class=\"elementor-element elementor-element-3d8be67 elementor-widget elementor-widget-text-editor\" data-id=\"3d8be67\" data-element_type=\"widget\" data-e-type=\"widget\" data-widget_type=\"text-editor.default\">\n\t\t\t\t\t\t\t\t\t<h4 data-start=\"545\" data-end=\"567\">\ud83d\udcc2 \u00c1reas de An\u00e1lise<\/h4><ul data-start=\"568\" data-end=\"752\"><li data-start=\"568\" data-end=\"626\"><p data-start=\"570\" data-end=\"626\">RH \u2014 Indicadores de gest\u00e3o de pessoas e movimenta\u00e7\u00f5es;<\/p><\/li><li data-start=\"627\" data-end=\"690\"><p data-start=\"629\" data-end=\"690\">Impostos \u2014 Acompanhamento detalhado de encargos e tributos;<\/p><\/li><li data-start=\"691\" data-end=\"752\"><p data-start=\"693\" data-end=\"752\">Provis\u00f5es \u2014 Controle financeiro de obriga\u00e7\u00f5es trabalhistas.<\/p><\/li><\/ul>\t\t\t\t\t\t\t\t<\/div>\n\t\t\t\t<\/div>\n\t\t<div class=\"elementor-element elementor-element-de54dc2 e-con-full e-flex e-con e-child\" data-id=\"de54dc2\" data-element_type=\"container\" data-e-type=\"container\">\n\t\t\t\t<div class=\"elementor-element elementor-element-49a868c elementor-widget elementor-widget-text-editor\" data-id=\"49a868c\" data-element_type=\"widget\" data-e-type=\"widget\" data-widget_type=\"text-editor.default\">\n\t\t\t\t\t\t\t\t\t<h4 data-start=\"759\" data-end=\"797\">\ud83d\udcc8 Principais Indicadores e Pain\u00e9is<\/h4><ul data-start=\"798\" data-end=\"1314\"><li data-start=\"798\" data-end=\"843\"><p data-start=\"800\" data-end=\"843\">Quantidade total de colaboradores ativos;<\/p><\/li><li data-start=\"844\" data-end=\"907\"><p data-start=\"846\" data-end=\"907\">Saldo de admiss\u00f5es e demiss\u00f5es com an\u00e1lise de movimenta\u00e7\u00e3o;<\/p><\/li><li data-start=\"908\" data-end=\"958\"><p data-start=\"910\" data-end=\"958\">Valores consolidados da folha bruta e l\u00edquida;<\/p><\/li><li data-start=\"959\" data-end=\"1004\"><p data-start=\"961\" data-end=\"1004\">An\u00e1lise gr\u00e1fica de benef\u00edcios concedidos;<\/p><\/li><li data-start=\"1005\" data-end=\"1069\"><p data-start=\"1007\" data-end=\"1069\">Listagem de colaboradores com f\u00e9rias pr\u00f3ximas do vencimento;<\/p><\/li><li data-start=\"1070\" data-end=\"1111\"><p data-start=\"1072\" data-end=\"1111\">Indicadores de faltas e horas extras;<\/p><\/li><li data-start=\"1112\" data-end=\"1170\"><p data-start=\"1114\" data-end=\"1170\">Demonstrativo de INSS patronal, terceiros e segurados;<\/p><\/li><li data-start=\"1171\" data-end=\"1198\"><p data-start=\"1173\" data-end=\"1198\">Acompanhamento de IRRF;<\/p><\/li><li data-start=\"1199\" data-end=\"1256\"><p data-start=\"1201\" data-end=\"1256\">Monitoramento de FGTS e demais encargos trabalhistas;<\/p><\/li><li data-start=\"1257\" data-end=\"1314\"><p data-start=\"1259\" data-end=\"1314\">Vis\u00e3o gerencial com relat\u00f3rios e an\u00e1lises comparativas.<\/p><\/li><\/ul>\t\t\t\t\t\t\t\t<\/div>\n\t\t\t\t<\/div>\n\t\t\t\t<\/div>\n\t\t\t\t\t<\/div>\n\t\t\t\t<\/div>\n\t\t\t\t<\/div>\n\t\t","protected":false},"excerpt":{"rendered":"<p>BI Folha da Backup Brasil O BI Folha \u00e9 uma solu\u00e7\u00e3o 100% web e totalmente integrada ao sistema de Folha de Pagamento, oferecendo dashboards din\u00e2micos, gr\u00e1ficos intuitivos e indicadores essenciais para acompanhar a performance do RH e os custos trabalhistas em tempo real. Com informa\u00e7\u00f5es organizadas e de f\u00e1cil visualiza\u00e7\u00e3o, sua empresa ganha mais controle, [&hellip;]<\/p>\n","protected":false},"author":1,"featured_media":0,"parent":0,"menu_order":0,"comment_status":"closed","ping_status":"closed","template":"","meta":{"_joinchat":[],"footnotes":""},"class_list":["post-4099","page","type-page","status-publish","hentry"],"_links":{"self":[{"href":"https:\/\/backupbrasil.com.br\/index.php\/wp-json\/wp\/v2\/pages\/4099","targetHints":{"allow":["GET"]}}],"collection":[{"href":"https:\/\/backupbrasil.com.br\/index.php\/wp-json\/wp\/v2\/pages"}],"about":[{"href":"https:\/\/backupbrasil.com.br\/index.php\/wp-json\/wp\/v2\/types\/page"}],"author":[{"embeddable":true,"href":"https:\/\/backupbrasil.com.br\/index.php\/wp-json\/wp\/v2\/users\/1"}],"replies":[{"embeddable":true,"href":"https:\/\/backupbrasil.com.br\/index.php\/wp-json\/wp\/v2\/comments?post=4099"}],"version-history":[{"count":9,"href":"https:\/\/backupbrasil.com.br\/index.php\/wp-json\/wp\/v2\/pages\/4099\/revisions"}],"predecessor-version":[{"id":4115,"href":"https:\/\/backupbrasil.com.br\/index.php\/wp-json\/wp\/v2\/pages\/4099\/revisions\/4115"}],"wp:attachment":[{"href":"https:\/\/backupbrasil.com.br\/index.php\/wp-json\/wp\/v2\/media?parent=4099"}],"curies":[{"name":"wp","href":"https:\/\/api.w.org\/{rel}","templated":true}]}}