{"id":7,"date":"2019-10-01T13:22:45","date_gmt":"2019-10-01T13:22:45","guid":{"rendered":"http:\/\/backupbrasil.com.br\/index.php\/construction-1\/"},"modified":"2026-02-19T13:16:31","modified_gmt":"2026-02-19T13:16:31","slug":"administrador","status":"publish","type":"page","link":"https:\/\/backupbrasil.com.br\/index.php\/administrador\/","title":{"rendered":"Administrador"},"content":{"rendered":"\t\t<div data-elementor-type=\"wp-page\" data-elementor-id=\"7\" class=\"elementor elementor-7\" data-elementor-post-type=\"page\">\n\t\t\t\t<div class=\"elementor-element elementor-element-ccb00cc e-con-full e-flex e-con e-parent\" data-id=\"ccb00cc\" data-element_type=\"container\" data-e-type=\"container\" data-settings=\"{&quot;background_background&quot;:&quot;classic&quot;,&quot;shape_divider_bottom&quot;:&quot;mountains&quot;}\">\n\t\t\t\t<div class=\"elementor-shape elementor-shape-bottom\" aria-hidden=\"true\" data-negative=\"false\">\n\t\t\t<svg xmlns=\"http:\/\/www.w3.org\/2000\/svg\" viewBox=\"0 0 1000 100\" preserveAspectRatio=\"none\">\n\t<path class=\"elementor-shape-fill\" opacity=\"0.33\" d=\"M473,67.3c-203.9,88.3-263.1-34-320.3,0C66,119.1,0,59.7,0,59.7V0h1000v59.7 c0,0-62.1,26.1-94.9,29.3c-32.8,3.3-62.8-12.3-75.8-22.1C806,49.6,745.3,8.7,694.9,4.7S492.4,59,473,67.3z\"\/>\n\t<path class=\"elementor-shape-fill\" opacity=\"0.66\" d=\"M734,67.3c-45.5,0-77.2-23.2-129.1-39.1c-28.6-8.7-150.3-10.1-254,39.1 s-91.7-34.4-149.2,0C115.7,118.3,0,39.8,0,39.8V0h1000v36.5c0,0-28.2-18.5-92.1-18.5C810.2,18.1,775.7,67.3,734,67.3z\"\/>\n\t<path class=\"elementor-shape-fill\" d=\"M766.1,28.9c-200-57.5-266,65.5-395.1,19.5C242,1.8,242,5.4,184.8,20.6C128,35.8,132.3,44.9,89.9,52.5C28.6,63.7,0,0,0,0 h1000c0,0-9.9,40.9-83.6,48.1S829.6,47,766.1,28.9z\"\/>\n<\/svg>\t\t<\/div>\n\t\t\t\t<div class=\"elementor-element elementor-element-83cc054 elementor-widget__width-initial elementor-invisible elementor-widget elementor-widget-heading\" data-id=\"83cc054\" data-element_type=\"widget\" data-e-type=\"widget\" data-settings=\"{&quot;_animation&quot;:&quot;fadeIn&quot;}\" data-widget_type=\"heading.default\">\n\t\t\t\t\t<h2 class=\"elementor-heading-title elementor-size-default\">Administrador \u2014 Gest\u00e3o Financeira Inteligente para Escrit\u00f3rios Cont\u00e1beis<\/h2>\t\t\t\t<\/div>\n\t\t\t\t<div class=\"elementor-element elementor-element-e194096 elementor-widget__width-initial elementor-invisible elementor-widget elementor-widget-text-editor\" data-id=\"e194096\" data-element_type=\"widget\" data-e-type=\"widget\" data-settings=\"{&quot;_animation&quot;:&quot;fadeIn&quot;}\" data-widget_type=\"text-editor.default\">\n\t\t\t\t\t\t\t\t\t<p>O Administrador foi desenvolvido para proporcionar um controle financeiro completo e eficiente para sua empresa ou escrit\u00f3rio cont\u00e1bil. Com relat\u00f3rios claros, ferramentas integradas e recursos avan\u00e7ados, voc\u00ea acompanha suas finan\u00e7as com precis\u00e3o e toma decis\u00f5es com mais seguran\u00e7a e agilidade.<\/p><p>Tenha total controle sobre contas a pagar e a receber, fluxo de caixa e processos administrativos, tudo em um \u00fanico sistema pensado para otimizar rotinas e aumentar a produtividade.<\/p>\t\t\t\t\t\t\t\t<\/div>\n\t\t\t\t<\/div>\n\t\t<div class=\"elementor-element elementor-element-b7c6c3c e-flex e-con-boxed e-con e-parent\" data-id=\"b7c6c3c\" data-element_type=\"container\" data-e-type=\"container\">\n\t\t\t\t\t<div class=\"e-con-inner\">\n\t\t<div class=\"elementor-element elementor-element-b57b3d6 e-con-full e-flex e-con e-child\" data-id=\"b57b3d6\" data-element_type=\"container\" data-e-type=\"container\">\n\t\t\t\t<div class=\"elementor-element elementor-element-0362ddc elementor-widget elementor-widget-text-editor\" data-id=\"0362ddc\" data-element_type=\"widget\" data-e-type=\"widget\" data-widget_type=\"text-editor.default\">\n\t\t\t\t\t\t\t\t\t<h2 data-start=\"704\" data-end=\"735\"><strong data-start=\"704\" data-end=\"735\">Principais funcionalidades:<\/strong><\/h2><ul><li data-start=\"737\" data-end=\"777\"><p data-start=\"739\" data-end=\"777\">Gest\u00e3o de Contas a Pagar e a Receber<\/p><\/li><li data-start=\"778\" data-end=\"817\"><p data-start=\"780\" data-end=\"817\">Controle completo de Fluxo de Caixa<\/p><\/li><li data-start=\"818\" data-end=\"861\"><p data-start=\"820\" data-end=\"861\">Emiss\u00e3o de Boletos com C\u00f3digo de Barras<\/p><\/li><li data-start=\"862\" data-end=\"909\"><p data-start=\"864\" data-end=\"909\">Emiss\u00e3o de Notas Fiscais de Servi\u00e7o (NFS-e)<\/p><\/li><li data-start=\"910\" data-end=\"968\"><p data-start=\"912\" data-end=\"968\">Configura\u00e7\u00e3o e gerenciamento de Nota Fiscal Eletr\u00f4nica<\/p><\/li><li data-start=\"969\" data-end=\"1004\"><p data-start=\"971\" data-end=\"1004\">Emiss\u00e3o de Honor\u00e1rios Cont\u00e1beis<\/p><\/li><li data-start=\"1005\" data-end=\"1069\"><p data-start=\"1007\" data-end=\"1069\">Configura\u00e7\u00e3o de formul\u00e1rios matriciais para emiss\u00e3o de notas<\/p><\/li><li data-start=\"1070\" data-end=\"1108\"><p data-start=\"1072\" data-end=\"1108\">Controle de atualiza\u00e7\u00e3o contratual<\/p><\/li><li data-start=\"1109\" data-end=\"1143\"><p data-start=\"1111\" data-end=\"1143\">Monitoramento de inadimpl\u00eancia<\/p><\/li><li data-start=\"1144\" data-end=\"1185\"><p data-start=\"1146\" data-end=\"1185\">Gest\u00e3o de cobran\u00e7as mensais e avulsas<\/p><\/li><li data-start=\"1186\" data-end=\"1244\"><p data-start=\"1188\" data-end=\"1244\">Configura\u00e7\u00e3o de arquivos de remessa e retorno banc\u00e1rio<\/p><\/li><li data-start=\"1245\" data-end=\"1278\"><p data-start=\"1247\" data-end=\"1278\">Baixas autom\u00e1ticas de t\u00edtulos<\/p><\/li><li data-start=\"1279\" data-end=\"1317\"><p data-start=\"1281\" data-end=\"1317\">Emiss\u00e3o e manuten\u00e7\u00e3o de protocolos<\/p><\/li><li data-start=\"1318\" data-end=\"1370\"><p data-start=\"1320\" data-end=\"1370\">Relat\u00f3rios personalizados para an\u00e1lise gerencial<\/p><\/li><li data-start=\"1371\" data-end=\"1418\"><p data-start=\"1373\" data-end=\"1418\">Envio de mala direta por cartas e etiquetas<\/p><\/li><\/ul>\t\t\t\t\t\t\t\t<\/div>\n\t\t\t\t<\/div>\n\t\t<div class=\"elementor-element elementor-element-425adc8 e-con-full e-flex e-con e-child\" data-id=\"425adc8\" data-element_type=\"container\" data-e-type=\"container\">\n\t\t\t\t<div class=\"elementor-element elementor-element-761dc63 elementor-widget elementor-widget-text-editor\" data-id=\"761dc63\" data-element_type=\"widget\" data-e-type=\"widget\" data-widget_type=\"text-editor.default\">\n\t\t\t\t\t\t\t\t\t<h2 data-start=\"1420\" data-end=\"1454\"><strong data-start=\"1420\" data-end=\"1454\">Integra\u00e7\u00e3o com a contabilidade<\/strong><\/h2>\n<p data-start=\"739\" data-end=\"777\">O sistema se integra facilmente aos processos cont\u00e1beis, garantindo maior consist\u00eancia de informa\u00e7\u00f5es, redu\u00e7\u00e3o de retrabalho e mais efici\u00eancia no dia a dia do escrit\u00f3rio.<\/p>\n<p data-start=\"739\" data-end=\"777\"><\/p>\n<p data-start=\"739\" data-end=\"777\"><img fetchpriority=\"high\" decoding=\"async\" class=\"alignnone  wp-image-340\" src=\"https:\/\/backupbrasil.com.br\/wp-content\/uploads\/2019\/10\/adm-1-300x300.png\" alt=\"\" width=\"480\" height=\"480\" srcset=\"https:\/\/backupbrasil.com.br\/wp-content\/uploads\/2019\/10\/adm-1-300x300.png 300w, https:\/\/backupbrasil.com.br\/wp-content\/uploads\/2019\/10\/adm-1-150x150.png 150w, https:\/\/backupbrasil.com.br\/wp-content\/uploads\/2019\/10\/adm-1.png 480w\" sizes=\"(max-width: 480px) 100vw, 480px\" \/><\/p>\t\t\t\t\t\t\t\t<\/div>\n\t\t\t\t<\/div>\n\t\t\t\t\t<\/div>\n\t\t\t\t<\/div>\n\t\t\t\t<\/div>\n\t\t","protected":false},"excerpt":{"rendered":"<p>Administrador \u2014 Gest\u00e3o Financeira Inteligente para Escrit\u00f3rios Cont\u00e1beis O Administrador foi desenvolvido para proporcionar um controle financeiro completo e eficiente para sua empresa ou escrit\u00f3rio cont\u00e1bil. Com relat\u00f3rios claros, ferramentas integradas e recursos avan\u00e7ados, voc\u00ea acompanha suas finan\u00e7as com precis\u00e3o e toma decis\u00f5es com mais seguran\u00e7a e agilidade. Tenha total controle sobre contas a pagar [&hellip;]<\/p>\n","protected":false},"author":1,"featured_media":0,"parent":0,"menu_order":0,"comment_status":"closed","ping_status":"closed","template":"","meta":{"_joinchat":[],"footnotes":""},"class_list":["post-7","page","type-page","status-publish","hentry"],"_links":{"self":[{"href":"https:\/\/backupbrasil.com.br\/index.php\/wp-json\/wp\/v2\/pages\/7","targetHints":{"allow":["GET"]}}],"collection":[{"href":"https:\/\/backupbrasil.com.br\/index.php\/wp-json\/wp\/v2\/pages"}],"about":[{"href":"https:\/\/backupbrasil.com.br\/index.php\/wp-json\/wp\/v2\/types\/page"}],"author":[{"embeddable":true,"href":"https:\/\/backupbrasil.com.br\/index.php\/wp-json\/wp\/v2\/users\/1"}],"replies":[{"embeddable":true,"href":"https:\/\/backupbrasil.com.br\/index.php\/wp-json\/wp\/v2\/comments?post=7"}],"version-history":[{"count":27,"href":"https:\/\/backupbrasil.com.br\/index.php\/wp-json\/wp\/v2\/pages\/7\/revisions"}],"predecessor-version":[{"id":4011,"href":"https:\/\/backupbrasil.com.br\/index.php\/wp-json\/wp\/v2\/pages\/7\/revisions\/4011"}],"wp:attachment":[{"href":"https:\/\/backupbrasil.com.br\/index.php\/wp-json\/wp\/v2\/media?parent=7"}],"curies":[{"name":"wp","href":"https:\/\/api.w.org\/{rel}","templated":true}]}}